{"id":624,"date":"2022-12-06T01:41:49","date_gmt":"2022-12-06T01:41:49","guid":{"rendered":"https:\/\/camposuruguayos.uy\/es\/?page_id=624"},"modified":"2022-12-31T01:14:52","modified_gmt":"2022-12-31T01:14:52","slug":"venta","status":"publish","type":"page","link":"https:\/\/camposuruguayos.uy\/es\/venta\/","title":{"rendered":"Venta"},"content":{"rendered":"\t\t<div data-elementor-type=\"wp-page\" data-elementor-id=\"624\" class=\"elementor elementor-624\">\n\t\t\t\t\t\t<section class=\"elementor-section elementor-top-section elementor-element elementor-element-35ae925 elementor-section-boxed elementor-section-height-default elementor-section-height-default\" data-id=\"35ae925\" data-element_type=\"section\" data-e-type=\"section\">\n\t\t\t\t\t\t<div class=\"elementor-container elementor-column-gap-default\">\n\t\t\t\t\t<div class=\"elementor-column elementor-col-100 elementor-top-column elementor-element elementor-element-88e99e6\" data-id=\"88e99e6\" data-element_type=\"column\" data-e-type=\"column\">\n\t\t\t<div class=\"elementor-widget-wrap\">\n\t\t\t\t\t\t\t<\/div>\n\t\t<\/div>\n\t\t\t\t\t<\/div>\n\t\t<\/section>\n\t\t\t\t<section class=\"elementor-section elementor-top-section elementor-element elementor-element-554752f elementor-section-boxed elementor-section-height-default elementor-section-height-default elementor-invisible\" data-id=\"554752f\" data-element_type=\"section\" data-e-type=\"section\" data-settings=\"{&quot;animation&quot;:&quot;fadeInLeft&quot;}\">\n\t\t\t\t\t\t<div class=\"elementor-container elementor-column-gap-default\">\n\t\t\t\t\t<div class=\"elementor-column elementor-col-100 elementor-top-column elementor-element elementor-element-4cb7a04\" data-id=\"4cb7a04\" data-element_type=\"column\" data-e-type=\"column\">\n\t\t\t<div class=\"elementor-widget-wrap elementor-element-populated\">\n\t\t\t\t\t\t<div class=\"elementor-element elementor-element-ce44e3a elementor-widget elementor-widget-image\" data-id=\"ce44e3a\" data-element_type=\"widget\" data-e-type=\"widget\" data-widget_type=\"image.default\">\n\t\t\t\t<div class=\"elementor-widget-container\">\n\t\t\t\t\t\t\t\t\t\t\t\t\t\t\t\t<a href=\"https:\/\/camposuruguayos.uy\/es\">\n\t\t\t\t\t\t\t<img fetchpriority=\"high\" decoding=\"async\" width=\"1600\" height=\"400\" src=\"https:\/\/camposuruguayos.uy\/es\/wp-content\/uploads\/2022\/12\/4.jpg\" class=\"attachment-full size-full wp-image-341\" alt=\"Campos Uruguayos\" srcset=\"https:\/\/camposuruguayos.uy\/es\/wp-content\/uploads\/2022\/12\/4.jpg 1600w, https:\/\/camposuruguayos.uy\/es\/wp-content\/uploads\/2022\/12\/4-300x75.jpg 300w, https:\/\/camposuruguayos.uy\/es\/wp-content\/uploads\/2022\/12\/4-1024x256.jpg 1024w, https:\/\/camposuruguayos.uy\/es\/wp-content\/uploads\/2022\/12\/4-768x192.jpg 768w, https:\/\/camposuruguayos.uy\/es\/wp-content\/uploads\/2022\/12\/4-1536x384.jpg 1536w\" sizes=\"(max-width: 1600px) 100vw, 1600px\" \/>\t\t\t\t\t\t\t\t<\/a>\n\t\t\t\t\t\t\t\t\t\t\t\t\t\t\t<\/div>\n\t\t\t\t<\/div>\n\t\t\t\t\t<\/div>\n\t\t<\/div>\n\t\t\t\t\t<\/div>\n\t\t<\/section>\n\t\t\t\t<section class=\"elementor-section elementor-top-section elementor-element elementor-element-dfbeaab elementor-section-boxed elementor-section-height-default elementor-section-height-default\" data-id=\"dfbeaab\" data-element_type=\"section\" data-e-type=\"section\">\n\t\t\t\t\t\t<div class=\"elementor-container elementor-column-gap-default\">\n\t\t\t\t\t<div class=\"elementor-column elementor-col-100 elementor-top-column elementor-element elementor-element-465616a\" data-id=\"465616a\" data-element_type=\"column\" data-e-type=\"column\">\n\t\t\t<div class=\"elementor-widget-wrap elementor-element-populated\">\n\t\t\t\t\t\t<div class=\"elementor-element elementor-element-560ba2b elementor-invisible elementor-widget elementor-widget-heading\" data-id=\"560ba2b\" data-element_type=\"widget\" data-e-type=\"widget\" data-settings=\"{&quot;_animation&quot;:&quot;fadeIn&quot;}\" data-widget_type=\"heading.default\">\n\t\t\t\t<div class=\"elementor-widget-container\">\n\t\t\t\t\t<h1 class=\"elementor-heading-title elementor-size-default\">Ventas<\/h1>\t\t\t\t<\/div>\n\t\t\t\t<\/div>\n\t\t\t\t<div class=\"elementor-element elementor-element-4f40e83 elementor-widget elementor-widget-text-editor\" data-id=\"4f40e83\" data-element_type=\"widget\" data-e-type=\"widget\" data-widget_type=\"text-editor.default\">\n\t\t\t\t<div class=\"elementor-widget-container\">\n\t\t\t\t\t\t\t\t\t<p>Elige la secci\u00f3n de tu inter\u00e9s haciendo click en las im\u00e1genes de abajo<\/p>\t\t\t\t\t\t\t\t<\/div>\n\t\t\t\t<\/div>\n\t\t\t\t\t<\/div>\n\t\t<\/div>\n\t\t\t\t\t<\/div>\n\t\t<\/section>\n\t\t\t\t<section class=\"elementor-section elementor-top-section elementor-element elementor-element-c11b1bc elementor-section-boxed elementor-section-height-default elementor-section-height-default\" data-id=\"c11b1bc\" data-element_type=\"section\" data-e-type=\"section\">\n\t\t\t\t\t\t<div class=\"elementor-container elementor-column-gap-default\">\n\t\t\t\t\t<div class=\"elementor-column elementor-col-33 elementor-top-column elementor-element elementor-element-2061fd5\" data-id=\"2061fd5\" data-element_type=\"column\" data-e-type=\"column\">\n\t\t\t<div class=\"elementor-widget-wrap elementor-element-populated\">\n\t\t\t\t\t\t<div class=\"elementor-element elementor-element-8fc368c elementor-widget elementor-widget-image\" data-id=\"8fc368c\" data-element_type=\"widget\" data-e-type=\"widget\" data-widget_type=\"image.default\">\n\t\t\t\t<div class=\"elementor-widget-container\">\n\t\t\t\t\t\t\t\t\t\t\t\t\t\t\t\t<a href=\"https:\/\/camposuruguayos.uy\/es\/venta\/chacras-2\">\n\t\t\t\t\t\t\t<img decoding=\"async\" width=\"800\" height=\"800\" src=\"https:\/\/camposuruguayos.uy\/es\/wp-content\/uploads\/2022\/12\/chacras-1024x1024.jpg\" class=\"attachment-large size-large wp-image-635\" alt=\"Chacras en venta en Uruguay\" srcset=\"https:\/\/camposuruguayos.uy\/es\/wp-content\/uploads\/2022\/12\/chacras-1024x1024.jpg 1024w, https:\/\/camposuruguayos.uy\/es\/wp-content\/uploads\/2022\/12\/chacras-300x300.jpg 300w, https:\/\/camposuruguayos.uy\/es\/wp-content\/uploads\/2022\/12\/chacras-150x150.jpg 150w, https:\/\/camposuruguayos.uy\/es\/wp-content\/uploads\/2022\/12\/chacras-768x768.jpg 768w, https:\/\/camposuruguayos.uy\/es\/wp-content\/uploads\/2022\/12\/chacras-100x100.jpg 100w, https:\/\/camposuruguayos.uy\/es\/wp-content\/uploads\/2022\/12\/chacras.jpg 1080w\" sizes=\"(max-width: 800px) 100vw, 800px\" \/>\t\t\t\t\t\t\t\t<\/a>\n\t\t\t\t\t\t\t\t\t\t\t\t\t\t\t<\/div>\n\t\t\t\t<\/div>\n\t\t\t\t\t<\/div>\n\t\t<\/div>\n\t\t\t\t<div class=\"elementor-column elementor-col-33 elementor-top-column elementor-element elementor-element-1672089\" data-id=\"1672089\" data-element_type=\"column\" data-e-type=\"column\">\n\t\t\t<div class=\"elementor-widget-wrap elementor-element-populated\">\n\t\t\t\t\t\t<div class=\"elementor-element elementor-element-7932643 elementor-widget elementor-widget-image\" data-id=\"7932643\" data-element_type=\"widget\" data-e-type=\"widget\" data-widget_type=\"image.default\">\n\t\t\t\t<div class=\"elementor-widget-container\">\n\t\t\t\t\t\t\t\t\t\t\t\t\t\t\t\t<a href=\"https:\/\/camposuruguayos.uy\/es\/venta\/campos-2\">\n\t\t\t\t\t\t\t<img decoding=\"async\" width=\"800\" height=\"800\" src=\"https:\/\/camposuruguayos.uy\/es\/wp-content\/uploads\/2022\/12\/campos-1024x1024.jpg\" class=\"attachment-large size-large wp-image-634\" alt=\"Campos en venta en Uruguay\" srcset=\"https:\/\/camposuruguayos.uy\/es\/wp-content\/uploads\/2022\/12\/campos-1024x1024.jpg 1024w, https:\/\/camposuruguayos.uy\/es\/wp-content\/uploads\/2022\/12\/campos-300x300.jpg 300w, https:\/\/camposuruguayos.uy\/es\/wp-content\/uploads\/2022\/12\/campos-150x150.jpg 150w, https:\/\/camposuruguayos.uy\/es\/wp-content\/uploads\/2022\/12\/campos-768x768.jpg 768w, https:\/\/camposuruguayos.uy\/es\/wp-content\/uploads\/2022\/12\/campos-100x100.jpg 100w, https:\/\/camposuruguayos.uy\/es\/wp-content\/uploads\/2022\/12\/campos.jpg 1080w\" sizes=\"(max-width: 800px) 100vw, 800px\" \/>\t\t\t\t\t\t\t\t<\/a>\n\t\t\t\t\t\t\t\t\t\t\t\t\t\t\t<\/div>\n\t\t\t\t<\/div>\n\t\t\t\t\t<\/div>\n\t\t<\/div>\n\t\t\t\t<div class=\"elementor-column elementor-col-33 elementor-top-column elementor-element elementor-element-3c8f709\" data-id=\"3c8f709\" data-element_type=\"column\" data-e-type=\"column\">\n\t\t\t<div class=\"elementor-widget-wrap elementor-element-populated\">\n\t\t\t\t\t\t<div class=\"elementor-element elementor-element-04009d8 elementor-widget elementor-widget-image\" data-id=\"04009d8\" data-element_type=\"widget\" data-e-type=\"widget\" data-widget_type=\"image.default\">\n\t\t\t\t<div class=\"elementor-widget-container\">\n\t\t\t\t\t\t\t\t\t\t\t\t\t\t\t\t<a href=\"https:\/\/camposuruguayos.uy\/es\/venta\/exterior-2\">\n\t\t\t\t\t\t\t<img loading=\"lazy\" decoding=\"async\" width=\"800\" height=\"800\" src=\"https:\/\/camposuruguayos.uy\/es\/wp-content\/uploads\/2022\/12\/exterior-1024x1024.jpg\" class=\"attachment-large size-large wp-image-636\" alt=\"Campos en venta en el exterior\" srcset=\"https:\/\/camposuruguayos.uy\/es\/wp-content\/uploads\/2022\/12\/exterior-1024x1024.jpg 1024w, https:\/\/camposuruguayos.uy\/es\/wp-content\/uploads\/2022\/12\/exterior-300x300.jpg 300w, https:\/\/camposuruguayos.uy\/es\/wp-content\/uploads\/2022\/12\/exterior-150x150.jpg 150w, https:\/\/camposuruguayos.uy\/es\/wp-content\/uploads\/2022\/12\/exterior-768x768.jpg 768w, https:\/\/camposuruguayos.uy\/es\/wp-content\/uploads\/2022\/12\/exterior-100x100.jpg 100w, https:\/\/camposuruguayos.uy\/es\/wp-content\/uploads\/2022\/12\/exterior.jpg 1080w\" sizes=\"(max-width: 800px) 100vw, 800px\" \/>\t\t\t\t\t\t\t\t<\/a>\n\t\t\t\t\t\t\t\t\t\t\t\t\t\t\t<\/div>\n\t\t\t\t<\/div>\n\t\t\t\t\t<\/div>\n\t\t<\/div>\n\t\t\t\t\t<\/div>\n\t\t<\/section>\n\t\t\t\t<section class=\"elementor-section elementor-top-section elementor-element elementor-element-50f36b3 elementor-section-boxed elementor-section-height-default elementor-section-height-default\" data-id=\"50f36b3\" data-element_type=\"section\" data-e-type=\"section\">\n\t\t\t\t\t\t<div class=\"elementor-container elementor-column-gap-default\">\n\t\t\t\t\t<div class=\"elementor-column elementor-col-100 elementor-top-column elementor-element elementor-element-02ead1c\" data-id=\"02ead1c\" data-element_type=\"column\" data-e-type=\"column\">\n\t\t\t<div class=\"elementor-widget-wrap elementor-element-populated\">\n\t\t\t\t\t\t<div class=\"elementor-element elementor-element-64b8666 elementor-widget elementor-widget-text-editor\" data-id=\"64b8666\" data-element_type=\"widget\" data-e-type=\"widget\" data-widget_type=\"text-editor.default\">\n\t\t\t\t<div class=\"elementor-widget-container\">\n\t\t\t\t\t\t\t\t\t<p style=\"text-align: center;\">\u00abNuestro lema no es un negocio en la vida, sino una vida haciendo negocios\u00bb<\/p><p style=\"text-align: center;\">Desde junio de 1990 trabajando junto al productor rural y el inversor<\/p>\t\t\t\t\t\t\t\t<\/div>\n\t\t\t\t<\/div>\n\t\t\t\t<div class=\"elementor-element elementor-element-9717dd8 elementor-shape-circle elementor-absolute elementor-grid-0 e-grid-align-center elementor-widget elementor-widget-social-icons\" data-id=\"9717dd8\" data-element_type=\"widget\" data-e-type=\"widget\" data-settings=\"{&quot;_position&quot;:&quot;absolute&quot;}\" data-widget_type=\"social-icons.default\">\n\t\t\t\t<div class=\"elementor-widget-container\">\n\t\t\t\t\t\t\t<div class=\"elementor-social-icons-wrapper elementor-grid\" role=\"list\">\n\t\t\t\t\t\t\t<span class=\"elementor-grid-item\" role=\"listitem\">\n\t\t\t\t\t<a class=\"elementor-icon elementor-social-icon elementor-social-icon-facebook elementor-repeater-item-11e2c6d\" href=\"https:\/\/facebook.com\/camposuruguayosok\" target=\"_blank\">\n\t\t\t\t\t\t<span class=\"elementor-screen-only\">Facebook<\/span>\n\t\t\t\t\t\t<i aria-hidden=\"true\" class=\"fab fa-facebook\"><\/i>\t\t\t\t\t<\/a>\n\t\t\t\t<\/span>\n\t\t\t\t\t\t\t<span class=\"elementor-grid-item\" role=\"listitem\">\n\t\t\t\t\t<a class=\"elementor-icon elementor-social-icon elementor-social-icon-instagram elementor-repeater-item-4b6afa6\" href=\"https:\/\/instagram.com\/camposuruguayosok\" target=\"_blank\">\n\t\t\t\t\t\t<span class=\"elementor-screen-only\">Instagram<\/span>\n\t\t\t\t\t\t<i aria-hidden=\"true\" class=\"fab fa-instagram\"><\/i>\t\t\t\t\t<\/a>\n\t\t\t\t<\/span>\n\t\t\t\t\t\t\t<span class=\"elementor-grid-item\" role=\"listitem\">\n\t\t\t\t\t<a class=\"elementor-icon elementor-social-icon elementor-social-icon-twitter elementor-repeater-item-921a000\" href=\"https:\/\/twitter.com\/CamposUruguayos\" target=\"_blank\">\n\t\t\t\t\t\t<span class=\"elementor-screen-only\">Twitter<\/span>\n\t\t\t\t\t\t<i aria-hidden=\"true\" class=\"fab fa-twitter\"><\/i>\t\t\t\t\t<\/a>\n\t\t\t\t<\/span>\n\t\t\t\t\t<\/div>\n\t\t\t\t\t\t<\/div>\n\t\t\t\t<\/div>\n\t\t\t\t\t<\/div>\n\t\t<\/div>\n\t\t\t\t\t<\/div>\n\t\t<\/section>\n\t\t\t\t<\/div>\n\t\t","protected":false},"excerpt":{"rendered":"<p>Ventas Elige la secci\u00f3n de tu inter\u00e9s haciendo click en las im\u00e1genes de abajo \u00abNuestro lema no es un negocio en la vida, sino una vida haciendo negocios\u00bb Desde junio de 1990 trabajando junto al productor rural y el inversor Facebook Instagram Twitter<\/p>\n","protected":false},"author":1,"featured_media":0,"parent":0,"menu_order":0,"comment_status":"closed","ping_status":"closed","template":"","meta":{"footnotes":""},"class_list":["post-624","page","type-page","status-publish","hentry"],"aioseo_notices":[],"_links":{"self":[{"href":"https:\/\/camposuruguayos.uy\/es\/wp-json\/wp\/v2\/pages\/624","targetHints":{"allow":["GET"]}}],"collection":[{"href":"https:\/\/camposuruguayos.uy\/es\/wp-json\/wp\/v2\/pages"}],"about":[{"href":"https:\/\/camposuruguayos.uy\/es\/wp-json\/wp\/v2\/types\/page"}],"author":[{"embeddable":true,"href":"https:\/\/camposuruguayos.uy\/es\/wp-json\/wp\/v2\/users\/1"}],"replies":[{"embeddable":true,"href":"https:\/\/camposuruguayos.uy\/es\/wp-json\/wp\/v2\/comments?post=624"}],"version-history":[{"count":71,"href":"https:\/\/camposuruguayos.uy\/es\/wp-json\/wp\/v2\/pages\/624\/revisions"}],"predecessor-version":[{"id":1347,"href":"https:\/\/camposuruguayos.uy\/es\/wp-json\/wp\/v2\/pages\/624\/revisions\/1347"}],"wp:attachment":[{"href":"https:\/\/camposuruguayos.uy\/es\/wp-json\/wp\/v2\/media?parent=624"}],"curies":[{"name":"wp","href":"https:\/\/api.w.org\/{rel}","templated":true}]}}