{"id":614,"date":"2022-12-06T00:58:42","date_gmt":"2022-12-06T00:58:42","guid":{"rendered":"https:\/\/camposuruguayos.uy\/es\/?page_id=614"},"modified":"2022-12-31T01:04:31","modified_gmt":"2022-12-31T01:04:31","slug":"exterior-2","status":"publish","type":"page","link":"https:\/\/camposuruguayos.uy\/es\/venta\/exterior-2\/","title":{"rendered":"Campos en Venta en el Exterior"},"content":{"rendered":"\t\t<div data-elementor-type=\"wp-page\" data-elementor-id=\"614\" class=\"elementor elementor-614\">\n\t\t\t\t\t\t<section class=\"elementor-section elementor-top-section elementor-element elementor-element-d20b43b elementor-section-full_width elementor-section-height-default elementor-section-height-default\" data-id=\"d20b43b\" data-element_type=\"section\" data-e-type=\"section\">\n\t\t\t\t\t\t<div class=\"elementor-container elementor-column-gap-default\">\n\t\t\t\t\t<div class=\"elementor-column elementor-col-100 elementor-top-column elementor-element elementor-element-15eaf9d\" data-id=\"15eaf9d\" data-element_type=\"column\" data-e-type=\"column\">\n\t\t\t<div class=\"elementor-widget-wrap elementor-element-populated\">\n\t\t\t\t\t\t<div class=\"elementor-element elementor-element-f1dba26 elementor-invisible elementor-widget elementor-widget-image\" data-id=\"f1dba26\" data-element_type=\"widget\" data-e-type=\"widget\" data-settings=\"{&quot;_animation&quot;:&quot;zoomIn&quot;}\" data-widget_type=\"image.default\">\n\t\t\t\t<div class=\"elementor-widget-container\">\n\t\t\t\t\t\t\t\t\t\t\t\t\t\t\t\t<a href=\"https:\/\/camposuruguayos.uy\/es\/nosotros\">\n\t\t\t\t\t\t\t<img fetchpriority=\"high\" decoding=\"async\" width=\"1600\" height=\"400\" src=\"https:\/\/camposuruguayos.uy\/es\/wp-content\/uploads\/2022\/12\/3-1.jpg\" class=\"attachment-full size-full wp-image-549\" alt=\"Campos Uruguayos en Venta\" srcset=\"https:\/\/camposuruguayos.uy\/es\/wp-content\/uploads\/2022\/12\/3-1.jpg 1600w, https:\/\/camposuruguayos.uy\/es\/wp-content\/uploads\/2022\/12\/3-1-300x75.jpg 300w, https:\/\/camposuruguayos.uy\/es\/wp-content\/uploads\/2022\/12\/3-1-1024x256.jpg 1024w, https:\/\/camposuruguayos.uy\/es\/wp-content\/uploads\/2022\/12\/3-1-768x192.jpg 768w, https:\/\/camposuruguayos.uy\/es\/wp-content\/uploads\/2022\/12\/3-1-1536x384.jpg 1536w\" sizes=\"(max-width: 1600px) 100vw, 1600px\" \/>\t\t\t\t\t\t\t\t<\/a>\n\t\t\t\t\t\t\t\t\t\t\t\t\t\t\t<\/div>\n\t\t\t\t<\/div>\n\t\t\t\t\t<\/div>\n\t\t<\/div>\n\t\t\t\t\t<\/div>\n\t\t<\/section>\n\t\t\t\t<section class=\"elementor-section elementor-top-section elementor-element elementor-element-53aa391 elementor-section-boxed elementor-section-height-default elementor-section-height-default\" data-id=\"53aa391\" data-element_type=\"section\" data-e-type=\"section\">\n\t\t\t\t\t\t<div class=\"elementor-container elementor-column-gap-default\">\n\t\t\t\t\t<div class=\"elementor-column elementor-col-100 elementor-top-column elementor-element elementor-element-7490463\" data-id=\"7490463\" data-element_type=\"column\" data-e-type=\"column\">\n\t\t\t<div class=\"elementor-widget-wrap elementor-element-populated\">\n\t\t\t\t\t\t<div class=\"elementor-element elementor-element-fff3d78 elementor-widget elementor-widget-heading\" data-id=\"fff3d78\" data-element_type=\"widget\" data-e-type=\"widget\" data-widget_type=\"heading.default\">\n\t\t\t\t<div class=\"elementor-widget-container\">\n\t\t\t\t\t<h2 class=\"elementor-heading-title elementor-size-default\">CAMPOS EN EL EXTERIOR<\/h2>\t\t\t\t<\/div>\n\t\t\t\t<\/div>\n\t\t\t\t\t<\/div>\n\t\t<\/div>\n\t\t\t\t\t<\/div>\n\t\t<\/section>\n\t\t\t\t<section class=\"elementor-section elementor-top-section elementor-element elementor-element-8e7cd22 elementor-section-boxed elementor-section-height-default elementor-section-height-default\" data-id=\"8e7cd22\" data-element_type=\"section\" data-e-type=\"section\">\n\t\t\t\t\t\t<div class=\"elementor-container elementor-column-gap-default\">\n\t\t\t\t\t<div class=\"elementor-column elementor-col-50 elementor-top-column elementor-element elementor-element-266cfb1\" data-id=\"266cfb1\" data-element_type=\"column\" data-e-type=\"column\">\n\t\t\t<div class=\"elementor-widget-wrap elementor-element-populated\">\n\t\t\t\t\t\t<div class=\"elementor-element elementor-element-0e8990e elementor-widget elementor-widget-image\" data-id=\"0e8990e\" data-element_type=\"widget\" data-e-type=\"widget\" data-widget_type=\"image.default\">\n\t\t\t\t<div class=\"elementor-widget-container\">\n\t\t\t\t\t\t\t\t\t\t\t\t\t\t\t<img decoding=\"async\" width=\"800\" height=\"600\" src=\"https:\/\/camposuruguayos.uy\/es\/wp-content\/uploads\/2022\/12\/campo-en-paraguay.jpg\" class=\"attachment-large size-large wp-image-663\" alt=\"Campo en Paraguay\" srcset=\"https:\/\/camposuruguayos.uy\/es\/wp-content\/uploads\/2022\/12\/campo-en-paraguay.jpg 800w, https:\/\/camposuruguayos.uy\/es\/wp-content\/uploads\/2022\/12\/campo-en-paraguay-300x225.jpg 300w, https:\/\/camposuruguayos.uy\/es\/wp-content\/uploads\/2022\/12\/campo-en-paraguay-768x576.jpg 768w\" sizes=\"(max-width: 800px) 100vw, 800px\" \/>\t\t\t\t\t\t\t\t\t\t\t\t\t\t\t<\/div>\n\t\t\t\t<\/div>\n\t\t\t\t\t<\/div>\n\t\t<\/div>\n\t\t\t\t<div class=\"elementor-column elementor-col-50 elementor-top-column elementor-element elementor-element-6dfdfd8\" data-id=\"6dfdfd8\" data-element_type=\"column\" data-e-type=\"column\">\n\t\t\t<div class=\"elementor-widget-wrap elementor-element-populated\">\n\t\t\t\t\t\t<div class=\"elementor-element elementor-element-192167b elementor-widget elementor-widget-heading\" data-id=\"192167b\" data-element_type=\"widget\" data-e-type=\"widget\" data-widget_type=\"heading.default\">\n\t\t\t\t<div class=\"elementor-widget-container\">\n\t\t\t\t\t<h5 class=\"elementor-heading-title elementor-size-xl\">CAMPO EN PARAGUAY<\/h5>\t\t\t\t<\/div>\n\t\t\t\t<\/div>\n\t\t\t\t<div class=\"elementor-element elementor-element-9376dcf elementor-widget elementor-widget-text-editor\" data-id=\"9376dcf\" data-element_type=\"widget\" data-e-type=\"widget\" data-widget_type=\"text-editor.default\">\n\t\t\t\t<div class=\"elementor-widget-container\">\n\t\t\t\t\t\t\t\t\t<p><br \/>Tenemos a la venta 2.500 hect\u00e1reas en Paraguay<\/p><p>Campo Agr\u00edcola Ganadero<\/p><p>Establecimiento completo a 50 Km. de Asunci\u00f3n<\/p><p>Valor H\u00e1. U$S 2.200<br \/><br \/><\/p>\t\t\t\t\t\t\t\t<\/div>\n\t\t\t\t<\/div>\n\t\t\t\t<div class=\"elementor-element elementor-element-33880b9 elementor-button-info elementor-align-center elementor-widget elementor-widget-button\" data-id=\"33880b9\" data-element_type=\"widget\" data-e-type=\"widget\" data-widget_type=\"button.default\">\n\t\t\t\t<div class=\"elementor-widget-container\">\n\t\t\t\t\t\t\t\t\t<div class=\"elementor-button-wrapper\">\n\t\t\t\t\t<a class=\"elementor-button elementor-button-link elementor-size-sm elementor-animation-pulse\" href=\"https:\/\/web.whatsapp.com\/send?phone=59899713169&#038;text=%C2%A1Hola!%20Me%20interesa%20que%20se%20contacten%20conmigo%20para%20obtener%20m%C3%A1s%20informaci%C3%B3n%20de%20Exterior%20\/%20Campos%20Uruguayos%20https:\/\/camposuruguayos.uy\/es\/exterior.%20%C2%A1Gracias!%20Mi%20nombre%20es\" target=\"_blank\" rel=\"nofollow\">\n\t\t\t\t\t\t<span class=\"elementor-button-content-wrapper\">\n\t\t\t\t\t\t<span class=\"elementor-button-icon\">\n\t\t\t\t<i aria-hidden=\"true\" class=\"fas fa-angle-right\"><\/i>\t\t\t<\/span>\n\t\t\t\t\t\t\t\t\t<span class=\"elementor-button-text\">M\u00e1s Informaci\u00f3n<\/span>\n\t\t\t\t\t<\/span>\n\t\t\t\t\t<\/a>\n\t\t\t\t<\/div>\n\t\t\t\t\t\t\t\t<\/div>\n\t\t\t\t<\/div>\n\t\t\t\t\t<\/div>\n\t\t<\/div>\n\t\t\t\t\t<\/div>\n\t\t<\/section>\n\t\t\t\t<section class=\"elementor-section elementor-top-section elementor-element elementor-element-87724e6 elementor-section-boxed elementor-section-height-default elementor-section-height-default\" data-id=\"87724e6\" data-element_type=\"section\" data-e-type=\"section\">\n\t\t\t\t\t\t<div class=\"elementor-container elementor-column-gap-default\">\n\t\t\t\t\t<div class=\"elementor-column elementor-col-100 elementor-top-column elementor-element elementor-element-6c90967\" data-id=\"6c90967\" data-element_type=\"column\" data-e-type=\"column\">\n\t\t\t<div class=\"elementor-widget-wrap elementor-element-populated\">\n\t\t\t\t\t\t<div class=\"elementor-element elementor-element-1f510de elementor-align-center elementor-widget elementor-widget-button\" data-id=\"1f510de\" data-element_type=\"widget\" data-e-type=\"widget\" data-widget_type=\"button.default\">\n\t\t\t\t<div class=\"elementor-widget-container\">\n\t\t\t\t\t\t\t\t\t<div class=\"elementor-button-wrapper\">\n\t\t\t\t\t<a class=\"elementor-button elementor-button-link elementor-size-md elementor-animation-pulse\" href=\"https:\/\/camposuruguayos.uy\/es\/venta\/\">\n\t\t\t\t\t\t<span class=\"elementor-button-content-wrapper\">\n\t\t\t\t\t\t\t\t\t<span class=\"elementor-button-text\">VOLVER A VENTA<\/span>\n\t\t\t\t\t<\/span>\n\t\t\t\t\t<\/a>\n\t\t\t\t<\/div>\n\t\t\t\t\t\t\t\t<\/div>\n\t\t\t\t<\/div>\n\t\t\t\t\t<\/div>\n\t\t<\/div>\n\t\t\t\t\t<\/div>\n\t\t<\/section>\n\t\t\t\t<section class=\"elementor-section elementor-top-section elementor-element elementor-element-e6f89c7 elementor-section-boxed elementor-section-height-default elementor-section-height-default\" data-id=\"e6f89c7\" data-element_type=\"section\" data-e-type=\"section\">\n\t\t\t\t\t\t<div class=\"elementor-container elementor-column-gap-default\">\n\t\t\t\t\t<div class=\"elementor-column elementor-col-100 elementor-top-column elementor-element elementor-element-e583be5\" data-id=\"e583be5\" data-element_type=\"column\" data-e-type=\"column\">\n\t\t\t<div class=\"elementor-widget-wrap elementor-element-populated\">\n\t\t\t\t\t\t<div class=\"elementor-element elementor-element-427da28 elementor-shape-circle elementor-absolute elementor-grid-0 e-grid-align-center elementor-widget elementor-widget-social-icons\" data-id=\"427da28\" data-element_type=\"widget\" data-e-type=\"widget\" data-settings=\"{&quot;_position&quot;:&quot;absolute&quot;}\" data-widget_type=\"social-icons.default\">\n\t\t\t\t<div class=\"elementor-widget-container\">\n\t\t\t\t\t\t\t<div class=\"elementor-social-icons-wrapper elementor-grid\" role=\"list\">\n\t\t\t\t\t\t\t<span class=\"elementor-grid-item\" role=\"listitem\">\n\t\t\t\t\t<a class=\"elementor-icon elementor-social-icon elementor-social-icon-facebook elementor-repeater-item-11e2c6d\" href=\"https:\/\/facebook.com\/camposuruguayosok\" target=\"_blank\">\n\t\t\t\t\t\t<span class=\"elementor-screen-only\">Facebook<\/span>\n\t\t\t\t\t\t<i aria-hidden=\"true\" class=\"fab fa-facebook\"><\/i>\t\t\t\t\t<\/a>\n\t\t\t\t<\/span>\n\t\t\t\t\t\t\t<span class=\"elementor-grid-item\" role=\"listitem\">\n\t\t\t\t\t<a class=\"elementor-icon elementor-social-icon elementor-social-icon-instagram elementor-repeater-item-4b6afa6\" href=\"https:\/\/instagram.com\/camposuruguayosok\" target=\"_blank\">\n\t\t\t\t\t\t<span class=\"elementor-screen-only\">Instagram<\/span>\n\t\t\t\t\t\t<i aria-hidden=\"true\" class=\"fab fa-instagram\"><\/i>\t\t\t\t\t<\/a>\n\t\t\t\t<\/span>\n\t\t\t\t\t\t\t<span class=\"elementor-grid-item\" role=\"listitem\">\n\t\t\t\t\t<a class=\"elementor-icon elementor-social-icon elementor-social-icon-twitter elementor-repeater-item-921a000\" href=\"https:\/\/twitter.com\/CamposUruguayos\" target=\"_blank\">\n\t\t\t\t\t\t<span class=\"elementor-screen-only\">Twitter<\/span>\n\t\t\t\t\t\t<i aria-hidden=\"true\" class=\"fab fa-twitter\"><\/i>\t\t\t\t\t<\/a>\n\t\t\t\t<\/span>\n\t\t\t\t\t<\/div>\n\t\t\t\t\t\t<\/div>\n\t\t\t\t<\/div>\n\t\t\t\t\t<\/div>\n\t\t<\/div>\n\t\t\t\t\t<\/div>\n\t\t<\/section>\n\t\t\t\t<section class=\"elementor-section elementor-top-section elementor-element elementor-element-8870e64 elementor-section-boxed elementor-section-height-default elementor-section-height-default\" data-id=\"8870e64\" data-element_type=\"section\" data-e-type=\"section\">\n\t\t\t\t\t\t<div class=\"elementor-container elementor-column-gap-default\">\n\t\t\t\t\t<div class=\"elementor-column elementor-col-100 elementor-top-column elementor-element elementor-element-810d416\" data-id=\"810d416\" data-element_type=\"column\" data-e-type=\"column\">\n\t\t\t<div class=\"elementor-widget-wrap\">\n\t\t\t\t\t\t\t<\/div>\n\t\t<\/div>\n\t\t\t\t\t<\/div>\n\t\t<\/section>\n\t\t\t\t<\/div>\n\t\t","protected":false},"excerpt":{"rendered":"<p>CAMPOS EN EL EXTERIOR CAMPO EN PARAGUAY Tenemos a la venta 2.500 hect\u00e1reas en Paraguay Campo Agr\u00edcola Ganadero Establecimiento completo a 50 Km. de Asunci\u00f3n Valor H\u00e1. U$S 2.200 M\u00e1s Informaci\u00f3n VOLVER A VENTA Facebook Instagram Twitter<\/p>\n","protected":false},"author":1,"featured_media":0,"parent":624,"menu_order":2,"comment_status":"closed","ping_status":"closed","template":"elementor_header_footer","meta":{"footnotes":""},"class_list":["post-614","page","type-page","status-publish","hentry"],"aioseo_notices":[],"_links":{"self":[{"href":"https:\/\/camposuruguayos.uy\/es\/wp-json\/wp\/v2\/pages\/614","targetHints":{"allow":["GET"]}}],"collection":[{"href":"https:\/\/camposuruguayos.uy\/es\/wp-json\/wp\/v2\/pages"}],"about":[{"href":"https:\/\/camposuruguayos.uy\/es\/wp-json\/wp\/v2\/types\/page"}],"author":[{"embeddable":true,"href":"https:\/\/camposuruguayos.uy\/es\/wp-json\/wp\/v2\/users\/1"}],"replies":[{"embeddable":true,"href":"https:\/\/camposuruguayos.uy\/es\/wp-json\/wp\/v2\/comments?post=614"}],"version-history":[{"count":32,"href":"https:\/\/camposuruguayos.uy\/es\/wp-json\/wp\/v2\/pages\/614\/revisions"}],"predecessor-version":[{"id":1346,"href":"https:\/\/camposuruguayos.uy\/es\/wp-json\/wp\/v2\/pages\/614\/revisions\/1346"}],"up":[{"embeddable":true,"href":"https:\/\/camposuruguayos.uy\/es\/wp-json\/wp\/v2\/pages\/624"}],"wp:attachment":[{"href":"https:\/\/camposuruguayos.uy\/es\/wp-json\/wp\/v2\/media?parent=614"}],"curies":[{"name":"wp","href":"https:\/\/api.w.org\/{rel}","templated":true}]}}