{"id":610,"date":"2022-12-06T00:57:08","date_gmt":"2022-12-06T00:57:08","guid":{"rendered":"https:\/\/camposuruguayos.uy\/es\/?page_id=610"},"modified":"2022-12-30T16:41:18","modified_gmt":"2022-12-30T16:41:18","slug":"chacras-2","status":"publish","type":"page","link":"https:\/\/camposuruguayos.uy\/es\/venta\/chacras-2\/","title":{"rendered":"Chacras en Venta en Uruguay"},"content":{"rendered":"\t\t<div data-elementor-type=\"wp-page\" data-elementor-id=\"610\" class=\"elementor elementor-610\">\n\t\t\t\t\t\t<section class=\"elementor-section elementor-top-section elementor-element elementor-element-d20b43b elementor-section-full_width elementor-section-height-default elementor-section-height-default\" data-id=\"d20b43b\" data-element_type=\"section\" data-e-type=\"section\">\n\t\t\t\t\t\t<div class=\"elementor-container elementor-column-gap-default\">\n\t\t\t\t\t<div class=\"elementor-column elementor-col-100 elementor-top-column elementor-element elementor-element-15eaf9d\" data-id=\"15eaf9d\" data-element_type=\"column\" data-e-type=\"column\">\n\t\t\t<div class=\"elementor-widget-wrap elementor-element-populated\">\n\t\t\t\t\t\t<div class=\"elementor-element elementor-element-f1dba26 elementor-invisible elementor-widget elementor-widget-image\" data-id=\"f1dba26\" data-element_type=\"widget\" data-e-type=\"widget\" data-settings=\"{&quot;_animation&quot;:&quot;zoomIn&quot;}\" data-widget_type=\"image.default\">\n\t\t\t\t<div class=\"elementor-widget-container\">\n\t\t\t\t\t\t\t\t\t\t\t\t\t\t\t\t<a href=\"https:\/\/camposuruguayos.uy\/es\/nosotros\">\n\t\t\t\t\t\t\t<img fetchpriority=\"high\" decoding=\"async\" width=\"1600\" height=\"400\" src=\"https:\/\/camposuruguayos.uy\/es\/wp-content\/uploads\/2022\/12\/3-1.jpg\" class=\"attachment-full size-full wp-image-549\" alt=\"Campos Uruguayos en Venta\" srcset=\"https:\/\/camposuruguayos.uy\/es\/wp-content\/uploads\/2022\/12\/3-1.jpg 1600w, https:\/\/camposuruguayos.uy\/es\/wp-content\/uploads\/2022\/12\/3-1-300x75.jpg 300w, https:\/\/camposuruguayos.uy\/es\/wp-content\/uploads\/2022\/12\/3-1-1024x256.jpg 1024w, https:\/\/camposuruguayos.uy\/es\/wp-content\/uploads\/2022\/12\/3-1-768x192.jpg 768w, https:\/\/camposuruguayos.uy\/es\/wp-content\/uploads\/2022\/12\/3-1-1536x384.jpg 1536w\" sizes=\"(max-width: 1600px) 100vw, 1600px\" \/>\t\t\t\t\t\t\t\t<\/a>\n\t\t\t\t\t\t\t\t\t\t\t\t\t\t\t<\/div>\n\t\t\t\t<\/div>\n\t\t\t\t\t<\/div>\n\t\t<\/div>\n\t\t\t\t\t<\/div>\n\t\t<\/section>\n\t\t\t\t<section class=\"elementor-section elementor-top-section elementor-element elementor-element-53aa391 elementor-section-boxed elementor-section-height-default elementor-section-height-default\" data-id=\"53aa391\" data-element_type=\"section\" data-e-type=\"section\">\n\t\t\t\t\t\t<div class=\"elementor-container elementor-column-gap-default\">\n\t\t\t\t\t<div class=\"elementor-column elementor-col-100 elementor-top-column elementor-element elementor-element-7490463\" data-id=\"7490463\" data-element_type=\"column\" data-e-type=\"column\">\n\t\t\t<div class=\"elementor-widget-wrap elementor-element-populated\">\n\t\t\t\t\t\t<div class=\"elementor-element elementor-element-fff3d78 elementor-widget elementor-widget-heading\" data-id=\"fff3d78\" data-element_type=\"widget\" data-e-type=\"widget\" data-widget_type=\"heading.default\">\n\t\t\t\t<div class=\"elementor-widget-container\">\n\t\t\t\t\t<h2 class=\"elementor-heading-title elementor-size-default\">CHACRAS EN VENTA<\/h2>\t\t\t\t<\/div>\n\t\t\t\t<\/div>\n\t\t\t\t<div class=\"elementor-element elementor-element-b854b57 elementor-widget elementor-widget-heading\" data-id=\"b854b57\" data-element_type=\"widget\" data-e-type=\"widget\" data-widget_type=\"heading.default\">\n\t\t\t\t<div class=\"elementor-widget-container\">\n\t\t\t\t\t<h5 class=\"elementor-heading-title elementor-size-default\">M\u00e1s de 500 Propiedades de 5 a 7000 Hect\u00e1reas <br>para Venta y Arrendamiento en Uruguay<\/h5>\t\t\t\t<\/div>\n\t\t\t\t<\/div>\n\t\t\t\t\t<\/div>\n\t\t<\/div>\n\t\t\t\t\t<\/div>\n\t\t<\/section>\n\t\t\t\t<section class=\"elementor-section elementor-top-section elementor-element elementor-element-01c3850 elementor-section-boxed elementor-section-height-default elementor-section-height-default\" data-id=\"01c3850\" data-element_type=\"section\" data-e-type=\"section\">\n\t\t\t\t\t\t<div class=\"elementor-container elementor-column-gap-default\">\n\t\t\t\t\t<div class=\"elementor-column elementor-col-33 elementor-top-column elementor-element elementor-element-8e308d2\" data-id=\"8e308d2\" data-element_type=\"column\" data-e-type=\"column\">\n\t\t\t<div class=\"elementor-widget-wrap elementor-element-populated\">\n\t\t\t\t\t\t<div class=\"elementor-element elementor-element-7ab8bb5 elementor-position-top elementor-widget elementor-widget-image-box\" data-id=\"7ab8bb5\" data-element_type=\"widget\" data-e-type=\"widget\" data-widget_type=\"image-box.default\">\n\t\t\t\t<div class=\"elementor-widget-container\">\n\t\t\t\t\t<div class=\"elementor-image-box-wrapper\"><figure class=\"elementor-image-box-img\"><img decoding=\"async\" width=\"1080\" height=\"1080\" src=\"https:\/\/camposuruguayos.uy\/es\/wp-content\/uploads\/2022\/11\/hacienda-aigua.png\" class=\"elementor-animation-pulse attachment-full size-full wp-image-255\" alt=\"Hacienda Aigu\u00e1\" srcset=\"https:\/\/camposuruguayos.uy\/es\/wp-content\/uploads\/2022\/11\/hacienda-aigua.png 1080w, https:\/\/camposuruguayos.uy\/es\/wp-content\/uploads\/2022\/11\/hacienda-aigua-300x300.png 300w, https:\/\/camposuruguayos.uy\/es\/wp-content\/uploads\/2022\/11\/hacienda-aigua-1024x1024.png 1024w, https:\/\/camposuruguayos.uy\/es\/wp-content\/uploads\/2022\/11\/hacienda-aigua-150x150.png 150w, https:\/\/camposuruguayos.uy\/es\/wp-content\/uploads\/2022\/11\/hacienda-aigua-768x768.png 768w, https:\/\/camposuruguayos.uy\/es\/wp-content\/uploads\/2022\/11\/hacienda-aigua-100x100.png 100w\" sizes=\"(max-width: 1080px) 100vw, 1080px\" \/><\/figure><div class=\"elementor-image-box-content\"><h4 class=\"elementor-image-box-title\">CHACRA En Aigu\u00e1 <br>Maldonado | 40 H\u00e1s<\/h4><p class=\"elementor-image-box-description\">Ubicada a 14 kms de Aigu\u00e1.\nCuenta con dos accesos.\nCampo mejorado con Lotus rinc\u00f3n.\n<br>Tiene dos arroyos.<br>\nMuy buenos alambrados<br><\/p><\/div><\/div>\t\t\t\t<\/div>\n\t\t\t\t<\/div>\n\t\t\t\t<div class=\"elementor-element elementor-element-028d1f3 elementor-button-info elementor-align-center elementor-widget elementor-widget-button\" data-id=\"028d1f3\" data-element_type=\"widget\" data-e-type=\"widget\" data-widget_type=\"button.default\">\n\t\t\t\t<div class=\"elementor-widget-container\">\n\t\t\t\t\t\t\t\t\t<div class=\"elementor-button-wrapper\">\n\t\t\t\t\t<a class=\"elementor-button elementor-button-link elementor-size-sm elementor-animation-pulse\" href=\"https:\/\/camposuruguayos.uy\/es\/campos-en-venta-en-uruguay\/haciendaaigua.pdf\" target=\"_blank\" rel=\"nofollow\">\n\t\t\t\t\t\t<span class=\"elementor-button-content-wrapper\">\n\t\t\t\t\t\t<span class=\"elementor-button-icon\">\n\t\t\t\t<i aria-hidden=\"true\" class=\"fas fa-angle-right\"><\/i>\t\t\t<\/span>\n\t\t\t\t\t\t\t\t\t<span class=\"elementor-button-text\">M\u00e1s Informaci\u00f3n<\/span>\n\t\t\t\t\t<\/span>\n\t\t\t\t\t<\/a>\n\t\t\t\t<\/div>\n\t\t\t\t\t\t\t\t<\/div>\n\t\t\t\t<\/div>\n\t\t\t\t\t<\/div>\n\t\t<\/div>\n\t\t\t\t<div class=\"elementor-column elementor-col-33 elementor-top-column elementor-element elementor-element-567fcd4\" data-id=\"567fcd4\" data-element_type=\"column\" data-e-type=\"column\">\n\t\t\t<div class=\"elementor-widget-wrap elementor-element-populated\">\n\t\t\t\t\t\t<div class=\"elementor-element elementor-element-104f72f elementor-position-top elementor-widget elementor-widget-image-box\" data-id=\"104f72f\" data-element_type=\"widget\" data-e-type=\"widget\" data-widget_type=\"image-box.default\">\n\t\t\t\t<div class=\"elementor-widget-container\">\n\t\t\t\t\t<div class=\"elementor-image-box-wrapper\"><figure class=\"elementor-image-box-img\"><img decoding=\"async\" width=\"1080\" height=\"1080\" src=\"https:\/\/camposuruguayos.uy\/es\/wp-content\/uploads\/2022\/12\/sierras-minas.png\" class=\"elementor-animation-grow attachment-full size-full wp-image-707\" alt=\"Chacra sierras Minas\" srcset=\"https:\/\/camposuruguayos.uy\/es\/wp-content\/uploads\/2022\/12\/sierras-minas.png 1080w, https:\/\/camposuruguayos.uy\/es\/wp-content\/uploads\/2022\/12\/sierras-minas-300x300.png 300w, https:\/\/camposuruguayos.uy\/es\/wp-content\/uploads\/2022\/12\/sierras-minas-1024x1024.png 1024w, https:\/\/camposuruguayos.uy\/es\/wp-content\/uploads\/2022\/12\/sierras-minas-150x150.png 150w, https:\/\/camposuruguayos.uy\/es\/wp-content\/uploads\/2022\/12\/sierras-minas-768x768.png 768w, https:\/\/camposuruguayos.uy\/es\/wp-content\/uploads\/2022\/12\/sierras-minas-100x100.png 100w\" sizes=\"(max-width: 1080px) 100vw, 1080px\" \/><\/figure><div class=\"elementor-image-box-content\"><h4 class=\"elementor-image-box-title\">CHACRA en Col\u00f3n<br>Lavalleja | 40 H\u00e1s<\/h4><p class=\"elementor-image-box-description\">Ubicada en Col\u00f3n, a 8 Km de la Ruta 8 (Dpto. de Lavalleja) Zona de sierras, excelente vista. Muy buen acceso (5km asfalto y 3 km balasto). Vivienda principal y caba\u00f1a. Piscina, pozo, etc.<\/p><\/div><\/div>\t\t\t\t<\/div>\n\t\t\t\t<\/div>\n\t\t\t\t<div class=\"elementor-element elementor-element-35b13f6 elementor-button-info elementor-align-center elementor-widget elementor-widget-button\" data-id=\"35b13f6\" data-element_type=\"widget\" data-e-type=\"widget\" data-widget_type=\"button.default\">\n\t\t\t\t<div class=\"elementor-widget-container\">\n\t\t\t\t\t\t\t\t\t<div class=\"elementor-button-wrapper\">\n\t\t\t\t\t<a class=\"elementor-button elementor-button-link elementor-size-sm elementor-animation-pulse\" href=\"https:\/\/camposuruguayos.uy\/es\/campos-en-venta-en-uruguay\/chacracolon40has.pdf\" target=\"_blank\" rel=\"nofollow\">\n\t\t\t\t\t\t<span class=\"elementor-button-content-wrapper\">\n\t\t\t\t\t\t<span class=\"elementor-button-icon\">\n\t\t\t\t<i aria-hidden=\"true\" class=\"fas fa-angle-right\"><\/i>\t\t\t<\/span>\n\t\t\t\t\t\t\t\t\t<span class=\"elementor-button-text\">M\u00e1s Informaci\u00f3n<\/span>\n\t\t\t\t\t<\/span>\n\t\t\t\t\t<\/a>\n\t\t\t\t<\/div>\n\t\t\t\t\t\t\t\t<\/div>\n\t\t\t\t<\/div>\n\t\t\t\t\t<\/div>\n\t\t<\/div>\n\t\t\t\t<div class=\"elementor-column elementor-col-33 elementor-top-column elementor-element elementor-element-f3b501d\" data-id=\"f3b501d\" data-element_type=\"column\" data-e-type=\"column\">\n\t\t\t<div class=\"elementor-widget-wrap elementor-element-populated\">\n\t\t\t\t\t\t<div class=\"elementor-element elementor-element-8968aa8 elementor-position-top elementor-widget elementor-widget-image-box\" data-id=\"8968aa8\" data-element_type=\"widget\" data-e-type=\"widget\" data-widget_type=\"image-box.default\">\n\t\t\t\t<div class=\"elementor-widget-container\">\n\t\t\t\t\t<div class=\"elementor-image-box-wrapper\"><figure class=\"elementor-image-box-img\"><img loading=\"lazy\" decoding=\"async\" width=\"1080\" height=\"1080\" src=\"https:\/\/camposuruguayos.uy\/es\/wp-content\/uploads\/2022\/12\/tressoles.png\" class=\"elementor-animation-pulse attachment-full size-full wp-image-764\" alt=\"Tres Soles\" srcset=\"https:\/\/camposuruguayos.uy\/es\/wp-content\/uploads\/2022\/12\/tressoles.png 1080w, https:\/\/camposuruguayos.uy\/es\/wp-content\/uploads\/2022\/12\/tressoles-300x300.png 300w, https:\/\/camposuruguayos.uy\/es\/wp-content\/uploads\/2022\/12\/tressoles-1024x1024.png 1024w, https:\/\/camposuruguayos.uy\/es\/wp-content\/uploads\/2022\/12\/tressoles-150x150.png 150w, https:\/\/camposuruguayos.uy\/es\/wp-content\/uploads\/2022\/12\/tressoles-768x768.png 768w, https:\/\/camposuruguayos.uy\/es\/wp-content\/uploads\/2022\/12\/tressoles-100x100.png 100w\" sizes=\"(max-width: 1080px) 100vw, 1080px\" \/><\/figure><div class=\"elementor-image-box-content\"><h4 class=\"elementor-image-box-title\">CHACRA En Flores <br>Tres Soles | 31 H\u00e1s<\/h4><p class=\"elementor-image-box-description\">Ubicada en el Departamento de Flores. El uso predominante es el pastoril,\naunque son frecuentes los cultivos forrajeros en el \u00e1rea correspondiente a la cuenca lechera.<\/p><\/div><\/div>\t\t\t\t<\/div>\n\t\t\t\t<\/div>\n\t\t\t\t<div class=\"elementor-element elementor-element-b81d13f elementor-button-info elementor-align-center elementor-widget elementor-widget-button\" data-id=\"b81d13f\" data-element_type=\"widget\" data-e-type=\"widget\" data-widget_type=\"button.default\">\n\t\t\t\t<div class=\"elementor-widget-container\">\n\t\t\t\t\t\t\t\t\t<div class=\"elementor-button-wrapper\">\n\t\t\t\t\t<a class=\"elementor-button elementor-button-link elementor-size-sm elementor-animation-pulse\" href=\"https:\/\/camposuruguayos.uy\/es\/campos-en-venta-en-uruguay\/tressoles.pdf\" target=\"_blank\" rel=\"nofollow\">\n\t\t\t\t\t\t<span class=\"elementor-button-content-wrapper\">\n\t\t\t\t\t\t<span class=\"elementor-button-icon\">\n\t\t\t\t<i aria-hidden=\"true\" class=\"fas fa-angle-right\"><\/i>\t\t\t<\/span>\n\t\t\t\t\t\t\t\t\t<span class=\"elementor-button-text\">M\u00e1s Informaci\u00f3n<\/span>\n\t\t\t\t\t<\/span>\n\t\t\t\t\t<\/a>\n\t\t\t\t<\/div>\n\t\t\t\t\t\t\t\t<\/div>\n\t\t\t\t<\/div>\n\t\t\t\t\t<\/div>\n\t\t<\/div>\n\t\t\t\t\t<\/div>\n\t\t<\/section>\n\t\t\t\t<section class=\"elementor-section elementor-top-section elementor-element elementor-element-78d5da1 elementor-section-boxed elementor-section-height-default elementor-section-height-default\" data-id=\"78d5da1\" data-element_type=\"section\" data-e-type=\"section\">\n\t\t\t\t\t\t<div class=\"elementor-container elementor-column-gap-default\">\n\t\t\t\t\t<div class=\"elementor-column elementor-col-100 elementor-top-column elementor-element elementor-element-d61d6d0\" data-id=\"d61d6d0\" data-element_type=\"column\" data-e-type=\"column\">\n\t\t\t<div class=\"elementor-widget-wrap elementor-element-populated\">\n\t\t\t\t\t\t<div class=\"elementor-element elementor-element-7a87170 elementor-align-center elementor-widget elementor-widget-button\" data-id=\"7a87170\" data-element_type=\"widget\" data-e-type=\"widget\" data-widget_type=\"button.default\">\n\t\t\t\t<div class=\"elementor-widget-container\">\n\t\t\t\t\t\t\t\t\t<div class=\"elementor-button-wrapper\">\n\t\t\t\t\t<a class=\"elementor-button elementor-button-link elementor-size-md elementor-animation-pulse\" href=\"https:\/\/camposuruguayos.uy\/es\/venta\/\">\n\t\t\t\t\t\t<span class=\"elementor-button-content-wrapper\">\n\t\t\t\t\t\t\t\t\t<span class=\"elementor-button-text\">VOLVER A VENTA<\/span>\n\t\t\t\t\t<\/span>\n\t\t\t\t\t<\/a>\n\t\t\t\t<\/div>\n\t\t\t\t\t\t\t\t<\/div>\n\t\t\t\t<\/div>\n\t\t\t\t\t<\/div>\n\t\t<\/div>\n\t\t\t\t\t<\/div>\n\t\t<\/section>\n\t\t\t\t<section class=\"elementor-section elementor-top-section elementor-element elementor-element-e6f89c7 elementor-section-boxed elementor-section-height-default elementor-section-height-default\" data-id=\"e6f89c7\" data-element_type=\"section\" data-e-type=\"section\">\n\t\t\t\t\t\t<div class=\"elementor-container elementor-column-gap-default\">\n\t\t\t\t\t<div class=\"elementor-column elementor-col-100 elementor-top-column elementor-element elementor-element-e583be5\" data-id=\"e583be5\" data-element_type=\"column\" data-e-type=\"column\">\n\t\t\t<div class=\"elementor-widget-wrap elementor-element-populated\">\n\t\t\t\t\t\t<div class=\"elementor-element elementor-element-427da28 elementor-shape-circle elementor-absolute elementor-grid-0 e-grid-align-center elementor-widget elementor-widget-social-icons\" data-id=\"427da28\" data-element_type=\"widget\" data-e-type=\"widget\" data-settings=\"{&quot;_position&quot;:&quot;absolute&quot;}\" data-widget_type=\"social-icons.default\">\n\t\t\t\t<div class=\"elementor-widget-container\">\n\t\t\t\t\t\t\t<div class=\"elementor-social-icons-wrapper elementor-grid\" role=\"list\">\n\t\t\t\t\t\t\t<span class=\"elementor-grid-item\" role=\"listitem\">\n\t\t\t\t\t<a class=\"elementor-icon elementor-social-icon elementor-social-icon-facebook elementor-repeater-item-11e2c6d\" href=\"https:\/\/facebook.com\/camposuruguayosok\" target=\"_blank\">\n\t\t\t\t\t\t<span class=\"elementor-screen-only\">Facebook<\/span>\n\t\t\t\t\t\t<i aria-hidden=\"true\" class=\"fab fa-facebook\"><\/i>\t\t\t\t\t<\/a>\n\t\t\t\t<\/span>\n\t\t\t\t\t\t\t<span class=\"elementor-grid-item\" role=\"listitem\">\n\t\t\t\t\t<a class=\"elementor-icon elementor-social-icon elementor-social-icon-instagram elementor-repeater-item-4b6afa6\" href=\"https:\/\/instagram.com\/camposuruguayosok\" target=\"_blank\">\n\t\t\t\t\t\t<span class=\"elementor-screen-only\">Instagram<\/span>\n\t\t\t\t\t\t<i aria-hidden=\"true\" class=\"fab fa-instagram\"><\/i>\t\t\t\t\t<\/a>\n\t\t\t\t<\/span>\n\t\t\t\t\t\t\t<span class=\"elementor-grid-item\" role=\"listitem\">\n\t\t\t\t\t<a class=\"elementor-icon elementor-social-icon elementor-social-icon-twitter elementor-repeater-item-921a000\" href=\"https:\/\/twitter.com\/CamposUruguayos\" target=\"_blank\">\n\t\t\t\t\t\t<span class=\"elementor-screen-only\">Twitter<\/span>\n\t\t\t\t\t\t<i aria-hidden=\"true\" class=\"fab fa-twitter\"><\/i>\t\t\t\t\t<\/a>\n\t\t\t\t<\/span>\n\t\t\t\t\t<\/div>\n\t\t\t\t\t\t<\/div>\n\t\t\t\t<\/div>\n\t\t\t\t\t<\/div>\n\t\t<\/div>\n\t\t\t\t\t<\/div>\n\t\t<\/section>\n\t\t\t\t<section class=\"elementor-section elementor-top-section elementor-element elementor-element-8870e64 elementor-section-boxed elementor-section-height-default elementor-section-height-default\" data-id=\"8870e64\" data-element_type=\"section\" data-e-type=\"section\">\n\t\t\t\t\t\t<div class=\"elementor-container elementor-column-gap-default\">\n\t\t\t\t\t<div class=\"elementor-column elementor-col-100 elementor-top-column elementor-element elementor-element-810d416\" data-id=\"810d416\" data-element_type=\"column\" data-e-type=\"column\">\n\t\t\t<div class=\"elementor-widget-wrap\">\n\t\t\t\t\t\t\t<\/div>\n\t\t<\/div>\n\t\t\t\t\t<\/div>\n\t\t<\/section>\n\t\t\t\t<\/div>\n\t\t","protected":false},"excerpt":{"rendered":"<p>CHACRAS EN VENTA M\u00e1s de 500 Propiedades de 5 a 7000 Hect\u00e1reas para Venta y Arrendamiento en Uruguay CHACRA En Aigu\u00e1 Maldonado | 40 H\u00e1s Ubicada a 14 kms de Aigu\u00e1. Cuenta con dos accesos. Campo mejorado con Lotus rinc\u00f3n. Tiene dos arroyos. Muy buenos alambrados M\u00e1s Informaci\u00f3n CHACRA en Col\u00f3nLavalleja | 40 H\u00e1s Ubicada [&hellip;]<\/p>\n","protected":false},"author":1,"featured_media":0,"parent":624,"menu_order":0,"comment_status":"closed","ping_status":"closed","template":"elementor_header_footer","meta":{"footnotes":""},"class_list":["post-610","page","type-page","status-publish","hentry"],"aioseo_notices":[],"_links":{"self":[{"href":"https:\/\/camposuruguayos.uy\/es\/wp-json\/wp\/v2\/pages\/610","targetHints":{"allow":["GET"]}}],"collection":[{"href":"https:\/\/camposuruguayos.uy\/es\/wp-json\/wp\/v2\/pages"}],"about":[{"href":"https:\/\/camposuruguayos.uy\/es\/wp-json\/wp\/v2\/types\/page"}],"author":[{"embeddable":true,"href":"https:\/\/camposuruguayos.uy\/es\/wp-json\/wp\/v2\/users\/1"}],"replies":[{"embeddable":true,"href":"https:\/\/camposuruguayos.uy\/es\/wp-json\/wp\/v2\/comments?post=610"}],"version-history":[{"count":42,"href":"https:\/\/camposuruguayos.uy\/es\/wp-json\/wp\/v2\/pages\/610\/revisions"}],"predecessor-version":[{"id":1330,"href":"https:\/\/camposuruguayos.uy\/es\/wp-json\/wp\/v2\/pages\/610\/revisions\/1330"}],"up":[{"embeddable":true,"href":"https:\/\/camposuruguayos.uy\/es\/wp-json\/wp\/v2\/pages\/624"}],"wp:attachment":[{"href":"https:\/\/camposuruguayos.uy\/es\/wp-json\/wp\/v2\/media?parent=610"}],"curies":[{"name":"wp","href":"https:\/\/api.w.org\/{rel}","templated":true}]}}