{"id":177,"date":"2022-11-27T13:13:21","date_gmt":"2022-11-27T13:13:21","guid":{"rendered":"https:\/\/camposuruguayos.uy\/es\/our-story\/"},"modified":"2022-12-12T16:14:08","modified_gmt":"2022-12-12T16:14:08","slug":"nosotros","status":"publish","type":"page","link":"https:\/\/camposuruguayos.uy\/es\/nosotros\/","title":{"rendered":"Nosotros"},"content":{"rendered":"\t\t<div data-elementor-type=\"wp-page\" data-elementor-id=\"177\" class=\"elementor elementor-177\">\n\t\t\t\t\t\t<section class=\"elementor-section elementor-top-section elementor-element elementor-element-9bc1d47 elementor-section-full_width elementor-section-height-default elementor-section-height-default\" data-id=\"9bc1d47\" data-element_type=\"section\" data-e-type=\"section\">\n\t\t\t\t\t\t<div class=\"elementor-container elementor-column-gap-default\">\n\t\t\t\t\t<div class=\"elementor-column elementor-col-100 elementor-top-column elementor-element elementor-element-87652b3\" data-id=\"87652b3\" data-element_type=\"column\" data-e-type=\"column\">\n\t\t\t<div class=\"elementor-widget-wrap elementor-element-populated\">\n\t\t\t\t\t\t<div class=\"elementor-element elementor-element-d2dfdcf elementor-invisible elementor-widget elementor-widget-image\" data-id=\"d2dfdcf\" data-element_type=\"widget\" data-e-type=\"widget\" data-settings=\"{&quot;_animation&quot;:&quot;zoomIn&quot;}\" data-widget_type=\"image.default\">\n\t\t\t\t<div class=\"elementor-widget-container\">\n\t\t\t\t\t\t\t\t\t\t\t\t\t\t\t\t<a href=\"https:\/\/camposuruguayos.uy\/es\/nosotros\">\n\t\t\t\t\t\t\t<img fetchpriority=\"high\" decoding=\"async\" width=\"1600\" height=\"400\" src=\"https:\/\/camposuruguayos.uy\/es\/wp-content\/uploads\/2022\/12\/5.jpg\" class=\"attachment-full size-full wp-image-320\" alt=\"Campos Uruguayos Nosotros\" srcset=\"https:\/\/camposuruguayos.uy\/es\/wp-content\/uploads\/2022\/12\/5.jpg 1600w, https:\/\/camposuruguayos.uy\/es\/wp-content\/uploads\/2022\/12\/5-300x75.jpg 300w, https:\/\/camposuruguayos.uy\/es\/wp-content\/uploads\/2022\/12\/5-1024x256.jpg 1024w, https:\/\/camposuruguayos.uy\/es\/wp-content\/uploads\/2022\/12\/5-768x192.jpg 768w, https:\/\/camposuruguayos.uy\/es\/wp-content\/uploads\/2022\/12\/5-1536x384.jpg 1536w\" sizes=\"(max-width: 1600px) 100vw, 1600px\" \/>\t\t\t\t\t\t\t\t<\/a>\n\t\t\t\t\t\t\t\t\t\t\t\t\t\t\t<\/div>\n\t\t\t\t<\/div>\n\t\t\t\t\t<\/div>\n\t\t<\/div>\n\t\t\t\t\t<\/div>\n\t\t<\/section>\n\t\t\t\t<section class=\"elementor-section elementor-top-section elementor-element elementor-element-38d3ecd4 elementor-section-full_width elementor-section-content-middle elementor-reverse-mobile elementor-section-height-min-height elementor-section-items-stretch elementor-section-height-default\" data-id=\"38d3ecd4\" data-element_type=\"section\" data-e-type=\"section\">\n\t\t\t\t\t\t<div class=\"elementor-container elementor-column-gap-no\">\n\t\t\t\t\t<div class=\"elementor-column elementor-col-50 elementor-top-column elementor-element elementor-element-2c783f98 animated-slow elementor-invisible\" data-id=\"2c783f98\" data-element_type=\"column\" data-e-type=\"column\" data-settings=\"{&quot;background_background&quot;:&quot;classic&quot;,&quot;animation&quot;:&quot;fadeIn&quot;}\">\n\t\t\t<div class=\"elementor-widget-wrap elementor-element-populated\">\n\t\t\t\t\t\t<div class=\"elementor-element elementor-element-6888a61f elementor-widget elementor-widget-spacer\" data-id=\"6888a61f\" data-element_type=\"widget\" data-e-type=\"widget\" data-widget_type=\"spacer.default\">\n\t\t\t\t<div class=\"elementor-widget-container\">\n\t\t\t\t\t\t\t<div class=\"elementor-spacer\">\n\t\t\t<div class=\"elementor-spacer-inner\"><\/div>\n\t\t<\/div>\n\t\t\t\t\t\t<\/div>\n\t\t\t\t<\/div>\n\t\t\t\t\t<\/div>\n\t\t<\/div>\n\t\t\t\t<div class=\"elementor-column elementor-col-50 elementor-top-column elementor-element elementor-element-7d078919\" data-id=\"7d078919\" data-element_type=\"column\" data-e-type=\"column\">\n\t\t\t<div class=\"elementor-widget-wrap elementor-element-populated\">\n\t\t\t\t\t\t<div class=\"elementor-element elementor-element-315749ff elementor-widget elementor-widget-heading\" data-id=\"315749ff\" data-element_type=\"widget\" data-e-type=\"widget\" data-widget_type=\"heading.default\">\n\t\t\t\t<div class=\"elementor-widget-container\">\n\t\t\t\t\t<h6 class=\"elementor-heading-title elementor-size-default\">Breve Rese\u00f1a sobre<\/h6>\t\t\t\t<\/div>\n\t\t\t\t<\/div>\n\t\t\t\t<div class=\"elementor-element elementor-element-50e92340 elementor-invisible elementor-widget elementor-widget-heading\" data-id=\"50e92340\" data-element_type=\"widget\" data-e-type=\"widget\" data-settings=\"{&quot;_animation&quot;:&quot;fadeIn&quot;}\" data-widget_type=\"heading.default\">\n\t\t\t\t<div class=\"elementor-widget-container\">\n\t\t\t\t\t<h2 class=\"elementor-heading-title elementor-size-default\">NOSOTROS<\/h2>\t\t\t\t<\/div>\n\t\t\t\t<\/div>\n\t\t\t\t<div class=\"elementor-element elementor-element-6faab4b8 elementor-invisible elementor-widget elementor-widget-text-editor\" data-id=\"6faab4b8\" data-element_type=\"widget\" data-e-type=\"widget\" data-settings=\"{&quot;_animation&quot;:&quot;fadeIn&quot;,&quot;_animation_delay&quot;:400}\" data-widget_type=\"text-editor.default\">\n\t\t\t\t<div class=\"elementor-widget-container\">\n\t\t\t\t\t\t\t\t\t<p>Nuestro lema no es un negocio en la vida, sino una vida haciendo negocios.<\/p><p>Desde junio de 1990 trabajando junto al productor rural y el inversor.<\/p><p>Somos un equipo de profesionales que amamos el campo y practicamos sus costumbres, la vida sana, saludable y feliz que brinda la tierra donde nacimos.<\/p><p>Trabajamos con dedicaci\u00f3n y esfuerzo contribuyendo cada d\u00eda al cuidado del medioambiente y de su sustentabilidad.<\/p><p>Amamos lo que hacemos, y sabemos de lo que hablamos, ya que contamos con a\u00f1os de experiencia, logrados por la vivencia propia en todas las \u00e1reas de trabajo, tanto agr\u00edcola-ganadera, como forestaci\u00f3n, administraci\u00f3n de campos y asuntos legales.<\/p><p>Nos especializamos en el asesoramiento de nuestros clientes, para lograr que se sientan satisfechos con los negocios realizados a trav\u00e9s nuestro.<\/p><p>\u00a1Te sorprender\u00e1 lo que somos capaces de hacer por ti!<\/p><p>\u00a1Te damos una cordial bienvenida!<\/p>\t\t\t\t\t\t\t\t<\/div>\n\t\t\t\t<\/div>\n\t\t\t\t\t<\/div>\n\t\t<\/div>\n\t\t\t\t\t<\/div>\n\t\t<\/section>\n\t\t\t\t<section class=\"elementor-section elementor-top-section elementor-element elementor-element-2967fdc elementor-section-boxed elementor-section-height-default elementor-section-height-default\" data-id=\"2967fdc\" data-element_type=\"section\" data-e-type=\"section\">\n\t\t\t\t\t\t<div class=\"elementor-container elementor-column-gap-default\">\n\t\t\t\t\t<div class=\"elementor-column elementor-col-100 elementor-top-column elementor-element elementor-element-6c710fe\" data-id=\"6c710fe\" data-element_type=\"column\" data-e-type=\"column\">\n\t\t\t<div class=\"elementor-widget-wrap elementor-element-populated\">\n\t\t\t\t\t\t<div class=\"elementor-element elementor-element-c0d0d30 elementor-shape-circle elementor-absolute elementor-grid-0 e-grid-align-center elementor-widget elementor-widget-social-icons\" data-id=\"c0d0d30\" data-element_type=\"widget\" data-e-type=\"widget\" data-settings=\"{&quot;_position&quot;:&quot;absolute&quot;}\" data-widget_type=\"social-icons.default\">\n\t\t\t\t<div class=\"elementor-widget-container\">\n\t\t\t\t\t\t\t<div class=\"elementor-social-icons-wrapper elementor-grid\" role=\"list\">\n\t\t\t\t\t\t\t<span class=\"elementor-grid-item\" role=\"listitem\">\n\t\t\t\t\t<a class=\"elementor-icon elementor-social-icon elementor-social-icon-facebook elementor-repeater-item-11e2c6d\" href=\"https:\/\/facebook.com\/camposuruguayosok\" target=\"_blank\">\n\t\t\t\t\t\t<span class=\"elementor-screen-only\">Facebook<\/span>\n\t\t\t\t\t\t<i aria-hidden=\"true\" class=\"fab fa-facebook\"><\/i>\t\t\t\t\t<\/a>\n\t\t\t\t<\/span>\n\t\t\t\t\t\t\t<span class=\"elementor-grid-item\" role=\"listitem\">\n\t\t\t\t\t<a class=\"elementor-icon elementor-social-icon elementor-social-icon-instagram elementor-repeater-item-4b6afa6\" href=\"https:\/\/instagram.com\/camposuruguayosok\" target=\"_blank\">\n\t\t\t\t\t\t<span class=\"elementor-screen-only\">Instagram<\/span>\n\t\t\t\t\t\t<i aria-hidden=\"true\" class=\"fab fa-instagram\"><\/i>\t\t\t\t\t<\/a>\n\t\t\t\t<\/span>\n\t\t\t\t\t\t\t<span class=\"elementor-grid-item\" role=\"listitem\">\n\t\t\t\t\t<a class=\"elementor-icon elementor-social-icon elementor-social-icon-twitter elementor-repeater-item-921a000\" href=\"https:\/\/twitter.com\/CamposUruguayos\" target=\"_blank\">\n\t\t\t\t\t\t<span class=\"elementor-screen-only\">Twitter<\/span>\n\t\t\t\t\t\t<i aria-hidden=\"true\" class=\"fab fa-twitter\"><\/i>\t\t\t\t\t<\/a>\n\t\t\t\t<\/span>\n\t\t\t\t\t<\/div>\n\t\t\t\t\t\t<\/div>\n\t\t\t\t<\/div>\n\t\t\t\t\t<\/div>\n\t\t<\/div>\n\t\t\t\t\t<\/div>\n\t\t<\/section>\n\t\t\t\t<\/div>\n\t\t","protected":false},"excerpt":{"rendered":"<p>Breve Rese\u00f1a sobre NOSOTROS Nuestro lema no es un negocio en la vida, sino una vida haciendo negocios. Desde junio de 1990 trabajando junto al productor rural y el inversor. Somos un equipo de profesionales que amamos el campo y practicamos sus costumbres, la vida sana, saludable y feliz que brinda la tierra donde nacimos. [&hellip;]<\/p>\n","protected":false},"author":1,"featured_media":0,"parent":0,"menu_order":0,"comment_status":"closed","ping_status":"closed","template":"elementor_header_footer","meta":{"footnotes":""},"class_list":["post-177","page","type-page","status-publish","hentry"],"aioseo_notices":[],"_links":{"self":[{"href":"https:\/\/camposuruguayos.uy\/es\/wp-json\/wp\/v2\/pages\/177","targetHints":{"allow":["GET"]}}],"collection":[{"href":"https:\/\/camposuruguayos.uy\/es\/wp-json\/wp\/v2\/pages"}],"about":[{"href":"https:\/\/camposuruguayos.uy\/es\/wp-json\/wp\/v2\/types\/page"}],"author":[{"embeddable":true,"href":"https:\/\/camposuruguayos.uy\/es\/wp-json\/wp\/v2\/users\/1"}],"replies":[{"embeddable":true,"href":"https:\/\/camposuruguayos.uy\/es\/wp-json\/wp\/v2\/comments?post=177"}],"version-history":[{"count":35,"href":"https:\/\/camposuruguayos.uy\/es\/wp-json\/wp\/v2\/pages\/177\/revisions"}],"predecessor-version":[{"id":1213,"href":"https:\/\/camposuruguayos.uy\/es\/wp-json\/wp\/v2\/pages\/177\/revisions\/1213"}],"wp:attachment":[{"href":"https:\/\/camposuruguayos.uy\/es\/wp-json\/wp\/v2\/media?parent=177"}],"curies":[{"name":"wp","href":"https:\/\/api.w.org\/{rel}","templated":true}]}}