{"id":165,"date":"2022-11-27T13:13:17","date_gmt":"2022-11-27T13:13:17","guid":{"rendered":"https:\/\/camposuruguayos.uy\/es\/our-services\/"},"modified":"2022-12-07T21:46:45","modified_gmt":"2022-12-07T21:46:45","slug":"servicios","status":"publish","type":"page","link":"https:\/\/camposuruguayos.uy\/es\/servicios\/","title":{"rendered":"Servicios"},"content":{"rendered":"\t\t<div data-elementor-type=\"wp-page\" data-elementor-id=\"165\" class=\"elementor elementor-165\">\n\t\t\t\t\t\t<section class=\"elementor-section elementor-top-section elementor-element elementor-element-c3ad611 elementor-section-boxed elementor-section-height-default elementor-section-height-default elementor-invisible\" data-id=\"c3ad611\" data-element_type=\"section\" data-e-type=\"section\" data-settings=\"{&quot;animation&quot;:&quot;fadeInLeft&quot;}\">\n\t\t\t\t\t\t<div class=\"elementor-container elementor-column-gap-default\">\n\t\t\t\t\t<div class=\"elementor-column elementor-col-100 elementor-top-column elementor-element elementor-element-65b08a7\" data-id=\"65b08a7\" data-element_type=\"column\" data-e-type=\"column\">\n\t\t\t<div class=\"elementor-widget-wrap elementor-element-populated\">\n\t\t\t\t\t\t<div class=\"elementor-element elementor-element-41b5c55 elementor-widget elementor-widget-image\" data-id=\"41b5c55\" data-element_type=\"widget\" data-e-type=\"widget\" data-widget_type=\"image.default\">\n\t\t\t\t<div class=\"elementor-widget-container\">\n\t\t\t\t\t\t\t\t\t\t\t\t\t\t\t\t<a href=\"https:\/\/camposuruguayos.uy\/es\">\n\t\t\t\t\t\t\t<img fetchpriority=\"high\" decoding=\"async\" width=\"1600\" height=\"400\" src=\"https:\/\/camposuruguayos.uy\/es\/wp-content\/uploads\/2022\/12\/4.jpg\" class=\"attachment-full size-full wp-image-341\" alt=\"Campos Uruguayos\" srcset=\"https:\/\/camposuruguayos.uy\/es\/wp-content\/uploads\/2022\/12\/4.jpg 1600w, https:\/\/camposuruguayos.uy\/es\/wp-content\/uploads\/2022\/12\/4-300x75.jpg 300w, https:\/\/camposuruguayos.uy\/es\/wp-content\/uploads\/2022\/12\/4-1024x256.jpg 1024w, https:\/\/camposuruguayos.uy\/es\/wp-content\/uploads\/2022\/12\/4-768x192.jpg 768w, https:\/\/camposuruguayos.uy\/es\/wp-content\/uploads\/2022\/12\/4-1536x384.jpg 1536w\" sizes=\"(max-width: 1600px) 100vw, 1600px\" \/>\t\t\t\t\t\t\t\t<\/a>\n\t\t\t\t\t\t\t\t\t\t\t\t\t\t\t<\/div>\n\t\t\t\t<\/div>\n\t\t\t\t\t<\/div>\n\t\t<\/div>\n\t\t\t\t\t<\/div>\n\t\t<\/section>\n\t\t\t\t<section class=\"elementor-section elementor-top-section elementor-element elementor-element-3e0b853b elementor-section-height-min-height elementor-section-items-stretch elementor-section-content-middle elementor-section-boxed elementor-section-height-default\" data-id=\"3e0b853b\" data-element_type=\"section\" data-e-type=\"section\">\n\t\t\t\t\t\t<div class=\"elementor-container elementor-column-gap-no\">\n\t\t\t\t\t<div class=\"elementor-column elementor-col-100 elementor-top-column elementor-element elementor-element-60929807\" data-id=\"60929807\" data-element_type=\"column\" data-e-type=\"column\">\n\t\t\t<div class=\"elementor-widget-wrap elementor-element-populated\">\n\t\t\t\t\t\t<div class=\"elementor-element elementor-element-38d80b9 elementor-invisible elementor-widget elementor-widget-heading\" data-id=\"38d80b9\" data-element_type=\"widget\" data-e-type=\"widget\" data-settings=\"{&quot;_animation&quot;:&quot;fadeIn&quot;}\" data-widget_type=\"heading.default\">\n\t\t\t\t<div class=\"elementor-widget-container\">\n\t\t\t\t\t<h1 class=\"elementor-heading-title elementor-size-default\">Servicios<\/h1>\t\t\t\t<\/div>\n\t\t\t\t<\/div>\n\t\t\t\t<div class=\"elementor-element elementor-element-43873c00 elementor-invisible elementor-widget elementor-widget-heading\" data-id=\"43873c00\" data-element_type=\"widget\" data-e-type=\"widget\" data-settings=\"{&quot;_animation&quot;:&quot;fadeIn&quot;,&quot;_animation_delay&quot;:400}\" data-widget_type=\"heading.default\">\n\t\t\t\t<div class=\"elementor-widget-container\">\n\t\t\t\t\t<h2 class=\"elementor-heading-title elementor-size-default\">Nuestro equipo a tu servicio...<\/h2>\t\t\t\t<\/div>\n\t\t\t\t<\/div>\n\t\t\t\t\t<\/div>\n\t\t<\/div>\n\t\t\t\t\t<\/div>\n\t\t<\/section>\n\t\t\t\t<section class=\"elementor-section elementor-top-section elementor-element elementor-element-225dbf2 elementor-section-boxed elementor-section-height-default elementor-section-height-default\" data-id=\"225dbf2\" data-element_type=\"section\" data-e-type=\"section\">\n\t\t\t\t\t\t<div class=\"elementor-container elementor-column-gap-default\">\n\t\t\t\t\t<div class=\"elementor-column elementor-col-33 elementor-top-column elementor-element elementor-element-35debe8\" data-id=\"35debe8\" data-element_type=\"column\" data-e-type=\"column\">\n\t\t\t<div class=\"elementor-widget-wrap elementor-element-populated\">\n\t\t\t\t\t\t<div class=\"elementor-element elementor-element-e8575bc elementor-widget elementor-widget-heading\" data-id=\"e8575bc\" data-element_type=\"widget\" data-e-type=\"widget\" data-widget_type=\"heading.default\">\n\t\t\t\t<div class=\"elementor-widget-container\">\n\t\t\t\t\t<h2 class=\"elementor-heading-title elementor-size-large\">MAQUINARIA<\/h2>\t\t\t\t<\/div>\n\t\t\t\t<\/div>\n\t\t\t\t<div class=\"elementor-element elementor-element-030bbd5 elementor-widget elementor-widget-text-editor\" data-id=\"030bbd5\" data-element_type=\"widget\" data-e-type=\"widget\" data-widget_type=\"text-editor.default\">\n\t\t\t\t<div class=\"elementor-widget-container\">\n\t\t\t\t\t\t\t\t\t<p>Maquinaria agr\u00edcola para siembra y cosecha. Trabajos zafrales.<\/p>\t\t\t\t\t\t\t\t<\/div>\n\t\t\t\t<\/div>\n\t\t\t\t<div class=\"elementor-element elementor-element-469238e elementor-invisible elementor-widget elementor-widget-image\" data-id=\"469238e\" data-element_type=\"widget\" data-e-type=\"widget\" data-settings=\"{&quot;_animation&quot;:&quot;zoomIn&quot;}\" data-widget_type=\"image.default\">\n\t\t\t\t<div class=\"elementor-widget-container\">\n\t\t\t\t\t\t\t\t\t\t\t\t\t\t\t<img decoding=\"async\" width=\"800\" height=\"800\" src=\"https:\/\/camposuruguayos.uy\/es\/wp-content\/uploads\/2022\/12\/maquinaria-1024x1024.png\" class=\"attachment-large size-large wp-image-364\" alt=\"Campos Uruguayos Maquinaria\" srcset=\"https:\/\/camposuruguayos.uy\/es\/wp-content\/uploads\/2022\/12\/maquinaria-1024x1024.png 1024w, https:\/\/camposuruguayos.uy\/es\/wp-content\/uploads\/2022\/12\/maquinaria-300x300.png 300w, https:\/\/camposuruguayos.uy\/es\/wp-content\/uploads\/2022\/12\/maquinaria-150x150.png 150w, https:\/\/camposuruguayos.uy\/es\/wp-content\/uploads\/2022\/12\/maquinaria-768x768.png 768w, https:\/\/camposuruguayos.uy\/es\/wp-content\/uploads\/2022\/12\/maquinaria-100x100.png 100w, https:\/\/camposuruguayos.uy\/es\/wp-content\/uploads\/2022\/12\/maquinaria.png 1080w\" sizes=\"(max-width: 800px) 100vw, 800px\" \/>\t\t\t\t\t\t\t\t\t\t\t\t\t\t\t<\/div>\n\t\t\t\t<\/div>\n\t\t\t\t\t<\/div>\n\t\t<\/div>\n\t\t\t\t<div class=\"elementor-column elementor-col-33 elementor-top-column elementor-element elementor-element-1e1f270\" data-id=\"1e1f270\" data-element_type=\"column\" data-e-type=\"column\">\n\t\t\t<div class=\"elementor-widget-wrap elementor-element-populated\">\n\t\t\t\t\t\t<div class=\"elementor-element elementor-element-adf4803 elementor-widget elementor-widget-heading\" data-id=\"adf4803\" data-element_type=\"widget\" data-e-type=\"widget\" data-widget_type=\"heading.default\">\n\t\t\t\t<div class=\"elementor-widget-container\">\n\t\t\t\t\t<h2 class=\"elementor-heading-title elementor-size-large\">ADMINISTRACI\u00d3N<\/h2>\t\t\t\t<\/div>\n\t\t\t\t<\/div>\n\t\t\t\t<div class=\"elementor-element elementor-element-1150b83 elementor-widget elementor-widget-text-editor\" data-id=\"1150b83\" data-element_type=\"widget\" data-e-type=\"widget\" data-widget_type=\"text-editor.default\">\n\t\t\t\t<div class=\"elementor-widget-container\">\n\t\t\t\t\t\t\t\t\t<p>Y an\u00e1lisis realizados por profesionales de confianza.\u00a0<\/p>\t\t\t\t\t\t\t\t<\/div>\n\t\t\t\t<\/div>\n\t\t\t\t<div class=\"elementor-element elementor-element-7e451ee elementor-invisible elementor-widget elementor-widget-image\" data-id=\"7e451ee\" data-element_type=\"widget\" data-e-type=\"widget\" data-settings=\"{&quot;_animation&quot;:&quot;zoomInUp&quot;}\" data-widget_type=\"image.default\">\n\t\t\t\t<div class=\"elementor-widget-container\">\n\t\t\t\t\t\t\t\t\t\t\t\t\t\t\t<img decoding=\"async\" width=\"800\" height=\"800\" src=\"https:\/\/camposuruguayos.uy\/es\/wp-content\/uploads\/2022\/12\/administracion-1024x1024.png\" class=\"attachment-large size-large wp-image-365\" alt=\"Campos Uruguayos Administraci\u00f3n\" srcset=\"https:\/\/camposuruguayos.uy\/es\/wp-content\/uploads\/2022\/12\/administracion-1024x1024.png 1024w, https:\/\/camposuruguayos.uy\/es\/wp-content\/uploads\/2022\/12\/administracion-300x300.png 300w, https:\/\/camposuruguayos.uy\/es\/wp-content\/uploads\/2022\/12\/administracion-150x150.png 150w, https:\/\/camposuruguayos.uy\/es\/wp-content\/uploads\/2022\/12\/administracion-768x768.png 768w, https:\/\/camposuruguayos.uy\/es\/wp-content\/uploads\/2022\/12\/administracion-100x100.png 100w, https:\/\/camposuruguayos.uy\/es\/wp-content\/uploads\/2022\/12\/administracion.png 1080w\" sizes=\"(max-width: 800px) 100vw, 800px\" \/>\t\t\t\t\t\t\t\t\t\t\t\t\t\t\t<\/div>\n\t\t\t\t<\/div>\n\t\t\t\t\t<\/div>\n\t\t<\/div>\n\t\t\t\t<div class=\"elementor-column elementor-col-33 elementor-top-column elementor-element elementor-element-7d4768c\" data-id=\"7d4768c\" data-element_type=\"column\" data-e-type=\"column\">\n\t\t\t<div class=\"elementor-widget-wrap elementor-element-populated\">\n\t\t\t\t\t\t<div class=\"elementor-element elementor-element-992fab3 elementor-widget elementor-widget-heading\" data-id=\"992fab3\" data-element_type=\"widget\" data-e-type=\"widget\" data-widget_type=\"heading.default\">\n\t\t\t\t<div class=\"elementor-widget-container\">\n\t\t\t\t\t<h2 class=\"elementor-heading-title elementor-size-large\">CAPITALIZACI\u00d3N<\/h2>\t\t\t\t<\/div>\n\t\t\t\t<\/div>\n\t\t\t\t<div class=\"elementor-element elementor-element-6630baf elementor-widget elementor-widget-text-editor\" data-id=\"6630baf\" data-element_type=\"widget\" data-e-type=\"widget\" data-widget_type=\"text-editor.default\">\n\t\t\t\t<div class=\"elementor-widget-container\">\n\t\t\t\t\t\t\t\t\t<p>Capitalizaci\u00f3n a t\u00e9rmino mediante contrato (sanidad incluida)<\/p>\t\t\t\t\t\t\t\t<\/div>\n\t\t\t\t<\/div>\n\t\t\t\t<div class=\"elementor-element elementor-element-c704548 elementor-invisible elementor-widget elementor-widget-image\" data-id=\"c704548\" data-element_type=\"widget\" data-e-type=\"widget\" data-settings=\"{&quot;_animation&quot;:&quot;zoomInRight&quot;}\" data-widget_type=\"image.default\">\n\t\t\t\t<div class=\"elementor-widget-container\">\n\t\t\t\t\t\t\t\t\t\t\t\t\t\t\t<img loading=\"lazy\" decoding=\"async\" width=\"800\" height=\"800\" src=\"https:\/\/camposuruguayos.uy\/es\/wp-content\/uploads\/2022\/12\/angus-1024x1024.png\" class=\"attachment-large size-large wp-image-370\" alt=\"Campos Uruguayos Capitalizaci\u00f3n\" srcset=\"https:\/\/camposuruguayos.uy\/es\/wp-content\/uploads\/2022\/12\/angus-1024x1024.png 1024w, https:\/\/camposuruguayos.uy\/es\/wp-content\/uploads\/2022\/12\/angus-300x300.png 300w, https:\/\/camposuruguayos.uy\/es\/wp-content\/uploads\/2022\/12\/angus-150x150.png 150w, https:\/\/camposuruguayos.uy\/es\/wp-content\/uploads\/2022\/12\/angus-768x768.png 768w, https:\/\/camposuruguayos.uy\/es\/wp-content\/uploads\/2022\/12\/angus-100x100.png 100w, https:\/\/camposuruguayos.uy\/es\/wp-content\/uploads\/2022\/12\/angus.png 1080w\" sizes=\"(max-width: 800px) 100vw, 800px\" \/>\t\t\t\t\t\t\t\t\t\t\t\t\t\t\t<\/div>\n\t\t\t\t<\/div>\n\t\t\t\t\t<\/div>\n\t\t<\/div>\n\t\t\t\t\t<\/div>\n\t\t<\/section>\n\t\t\t\t<section class=\"elementor-section elementor-top-section elementor-element elementor-element-54fe836 elementor-section-boxed elementor-section-height-default elementor-section-height-default\" data-id=\"54fe836\" data-element_type=\"section\" data-e-type=\"section\">\n\t\t\t\t\t\t<div class=\"elementor-container elementor-column-gap-default\">\n\t\t\t\t\t<div class=\"elementor-column elementor-col-33 elementor-top-column elementor-element elementor-element-1779e11\" data-id=\"1779e11\" data-element_type=\"column\" data-e-type=\"column\">\n\t\t\t<div class=\"elementor-widget-wrap elementor-element-populated\">\n\t\t\t\t\t\t<div class=\"elementor-element elementor-element-8362198 elementor-widget elementor-widget-heading\" data-id=\"8362198\" data-element_type=\"widget\" data-e-type=\"widget\" data-widget_type=\"heading.default\">\n\t\t\t\t<div class=\"elementor-widget-container\">\n\t\t\t\t\t<h2 class=\"elementor-heading-title elementor-size-large\">FUMIGACIONES<\/h2>\t\t\t\t<\/div>\n\t\t\t\t<\/div>\n\t\t\t\t<div class=\"elementor-element elementor-element-784621d elementor-widget elementor-widget-text-editor\" data-id=\"784621d\" data-element_type=\"widget\" data-e-type=\"widget\" data-widget_type=\"text-editor.default\">\n\t\t\t\t<div class=\"elementor-widget-container\">\n\t\t\t\t\t\t\t\t\t<p>Pulverizaciones con equipos de aplicaci\u00f3n terrestre y\/o a\u00e9reo.<\/p>\t\t\t\t\t\t\t\t<\/div>\n\t\t\t\t<\/div>\n\t\t\t\t<div class=\"elementor-element elementor-element-0c763de elementor-invisible elementor-widget elementor-widget-image\" data-id=\"0c763de\" data-element_type=\"widget\" data-e-type=\"widget\" data-settings=\"{&quot;_animation&quot;:&quot;zoomIn&quot;}\" data-widget_type=\"image.default\">\n\t\t\t\t<div class=\"elementor-widget-container\">\n\t\t\t\t\t\t\t\t\t\t\t\t\t\t\t<img loading=\"lazy\" decoding=\"async\" width=\"800\" height=\"800\" src=\"https:\/\/camposuruguayos.uy\/es\/wp-content\/uploads\/2022\/12\/fumigacion-1024x1024.png\" class=\"attachment-large size-large wp-image-363\" alt=\"Campos Uruguayos Fumigaciones\" srcset=\"https:\/\/camposuruguayos.uy\/es\/wp-content\/uploads\/2022\/12\/fumigacion-1024x1024.png 1024w, https:\/\/camposuruguayos.uy\/es\/wp-content\/uploads\/2022\/12\/fumigacion-300x300.png 300w, https:\/\/camposuruguayos.uy\/es\/wp-content\/uploads\/2022\/12\/fumigacion-150x150.png 150w, https:\/\/camposuruguayos.uy\/es\/wp-content\/uploads\/2022\/12\/fumigacion-768x768.png 768w, https:\/\/camposuruguayos.uy\/es\/wp-content\/uploads\/2022\/12\/fumigacion-100x100.png 100w, https:\/\/camposuruguayos.uy\/es\/wp-content\/uploads\/2022\/12\/fumigacion.png 1080w\" sizes=\"(max-width: 800px) 100vw, 800px\" \/>\t\t\t\t\t\t\t\t\t\t\t\t\t\t\t<\/div>\n\t\t\t\t<\/div>\n\t\t\t\t\t<\/div>\n\t\t<\/div>\n\t\t\t\t<div class=\"elementor-column elementor-col-33 elementor-top-column elementor-element elementor-element-b41c418\" data-id=\"b41c418\" data-element_type=\"column\" data-e-type=\"column\">\n\t\t\t<div class=\"elementor-widget-wrap elementor-element-populated\">\n\t\t\t\t\t\t<div class=\"elementor-element elementor-element-8d2f6a6 elementor-widget elementor-widget-heading\" data-id=\"8d2f6a6\" data-element_type=\"widget\" data-e-type=\"widget\" data-widget_type=\"heading.default\">\n\t\t\t\t<div class=\"elementor-widget-container\">\n\t\t\t\t\t<h2 class=\"elementor-heading-title elementor-size-large\">ASESORAMIENTO<\/h2>\t\t\t\t<\/div>\n\t\t\t\t<\/div>\n\t\t\t\t<div class=\"elementor-element elementor-element-ef4ba3a elementor-widget elementor-widget-text-editor\" data-id=\"ef4ba3a\" data-element_type=\"widget\" data-e-type=\"widget\" data-widget_type=\"text-editor.default\">\n\t\t\t\t<div class=\"elementor-widget-container\">\n\t\t\t\t\t\t\t\t\t<p>Integral, con respaldo de Ing. Agr\u00f3nomo, Veterinario, Escribano, Contador y otros.\u00a0<\/p>\t\t\t\t\t\t\t\t<\/div>\n\t\t\t\t<\/div>\n\t\t\t\t<div class=\"elementor-element elementor-element-b5ae61a elementor-invisible elementor-widget elementor-widget-image\" data-id=\"b5ae61a\" data-element_type=\"widget\" data-e-type=\"widget\" data-settings=\"{&quot;_animation&quot;:&quot;zoomInUp&quot;}\" data-widget_type=\"image.default\">\n\t\t\t\t<div class=\"elementor-widget-container\">\n\t\t\t\t\t\t\t\t\t\t\t\t\t\t\t<img loading=\"lazy\" decoding=\"async\" width=\"800\" height=\"800\" src=\"https:\/\/camposuruguayos.uy\/es\/wp-content\/uploads\/2022\/12\/asesoramiento-1024x1024.png\" class=\"attachment-large size-large wp-image-380\" alt=\"Campos Uruguayos Asesoramiento Integral\" srcset=\"https:\/\/camposuruguayos.uy\/es\/wp-content\/uploads\/2022\/12\/asesoramiento-1024x1024.png 1024w, https:\/\/camposuruguayos.uy\/es\/wp-content\/uploads\/2022\/12\/asesoramiento-300x300.png 300w, https:\/\/camposuruguayos.uy\/es\/wp-content\/uploads\/2022\/12\/asesoramiento-150x150.png 150w, https:\/\/camposuruguayos.uy\/es\/wp-content\/uploads\/2022\/12\/asesoramiento-768x768.png 768w, https:\/\/camposuruguayos.uy\/es\/wp-content\/uploads\/2022\/12\/asesoramiento-100x100.png 100w, https:\/\/camposuruguayos.uy\/es\/wp-content\/uploads\/2022\/12\/asesoramiento.png 1080w\" sizes=\"(max-width: 800px) 100vw, 800px\" \/>\t\t\t\t\t\t\t\t\t\t\t\t\t\t\t<\/div>\n\t\t\t\t<\/div>\n\t\t\t\t\t<\/div>\n\t\t<\/div>\n\t\t\t\t<div class=\"elementor-column elementor-col-33 elementor-top-column elementor-element elementor-element-bf3cb9c\" data-id=\"bf3cb9c\" data-element_type=\"column\" data-e-type=\"column\">\n\t\t\t<div class=\"elementor-widget-wrap elementor-element-populated\">\n\t\t\t\t\t\t<div class=\"elementor-element elementor-element-bc29856 elementor-widget elementor-widget-heading\" data-id=\"bc29856\" data-element_type=\"widget\" data-e-type=\"widget\" data-widget_type=\"heading.default\">\n\t\t\t\t<div class=\"elementor-widget-container\">\n\t\t\t\t\t<h2 class=\"elementor-heading-title elementor-size-large\">ALAMBRADOS<\/h2>\t\t\t\t<\/div>\n\t\t\t\t<\/div>\n\t\t\t\t<div class=\"elementor-element elementor-element-c228838 elementor-widget elementor-widget-text-editor\" data-id=\"c228838\" data-element_type=\"widget\" data-e-type=\"widget\" data-widget_type=\"text-editor.default\">\n\t\t\t\t<div class=\"elementor-widget-container\">\n\t\t\t\t\t\t\t\t\t<p>Personal altamente capacitado y con vasta experiencia.<\/p>\t\t\t\t\t\t\t\t<\/div>\n\t\t\t\t<\/div>\n\t\t\t\t<div class=\"elementor-element elementor-element-3da6f88 elementor-invisible elementor-widget elementor-widget-image\" data-id=\"3da6f88\" data-element_type=\"widget\" data-e-type=\"widget\" data-settings=\"{&quot;_animation&quot;:&quot;zoomInRight&quot;}\" data-widget_type=\"image.default\">\n\t\t\t\t<div class=\"elementor-widget-container\">\n\t\t\t\t\t\t\t\t\t\t\t\t\t\t\t<img loading=\"lazy\" decoding=\"async\" width=\"800\" height=\"800\" src=\"https:\/\/camposuruguayos.uy\/es\/wp-content\/uploads\/2022\/12\/alambrado-1024x1024.jpg\" class=\"attachment-large size-large wp-image-602\" alt=\"Alambrado\" srcset=\"https:\/\/camposuruguayos.uy\/es\/wp-content\/uploads\/2022\/12\/alambrado-1024x1024.jpg 1024w, https:\/\/camposuruguayos.uy\/es\/wp-content\/uploads\/2022\/12\/alambrado-300x300.jpg 300w, https:\/\/camposuruguayos.uy\/es\/wp-content\/uploads\/2022\/12\/alambrado-150x150.jpg 150w, https:\/\/camposuruguayos.uy\/es\/wp-content\/uploads\/2022\/12\/alambrado-768x768.jpg 768w, https:\/\/camposuruguayos.uy\/es\/wp-content\/uploads\/2022\/12\/alambrado-100x100.jpg 100w, https:\/\/camposuruguayos.uy\/es\/wp-content\/uploads\/2022\/12\/alambrado.jpg 1080w\" sizes=\"(max-width: 800px) 100vw, 800px\" \/>\t\t\t\t\t\t\t\t\t\t\t\t\t\t\t<\/div>\n\t\t\t\t<\/div>\n\t\t\t\t\t<\/div>\n\t\t<\/div>\n\t\t\t\t\t<\/div>\n\t\t<\/section>\n\t\t\t\t<section class=\"elementor-section elementor-top-section elementor-element elementor-element-f855a68 elementor-section-boxed elementor-section-height-default elementor-section-height-default\" data-id=\"f855a68\" data-element_type=\"section\" data-e-type=\"section\">\n\t\t\t\t\t\t<div class=\"elementor-container elementor-column-gap-default\">\n\t\t\t\t\t<div class=\"elementor-column elementor-col-100 elementor-top-column elementor-element elementor-element-8c58c14\" data-id=\"8c58c14\" data-element_type=\"column\" data-e-type=\"column\">\n\t\t\t<div class=\"elementor-widget-wrap elementor-element-populated\">\n\t\t\t\t\t\t<div class=\"elementor-element elementor-element-3fa03e9 elementor-shape-circle elementor-absolute elementor-grid-0 e-grid-align-center elementor-widget elementor-widget-social-icons\" data-id=\"3fa03e9\" data-element_type=\"widget\" data-e-type=\"widget\" data-settings=\"{&quot;_position&quot;:&quot;absolute&quot;}\" data-widget_type=\"social-icons.default\">\n\t\t\t\t<div class=\"elementor-widget-container\">\n\t\t\t\t\t\t\t<div class=\"elementor-social-icons-wrapper elementor-grid\" role=\"list\">\n\t\t\t\t\t\t\t<span class=\"elementor-grid-item\" role=\"listitem\">\n\t\t\t\t\t<a class=\"elementor-icon elementor-social-icon elementor-social-icon-facebook elementor-repeater-item-11e2c6d\" href=\"https:\/\/facebook.com\/camposuruguayosok\" target=\"_blank\">\n\t\t\t\t\t\t<span class=\"elementor-screen-only\">Facebook<\/span>\n\t\t\t\t\t\t<i aria-hidden=\"true\" class=\"fab fa-facebook\"><\/i>\t\t\t\t\t<\/a>\n\t\t\t\t<\/span>\n\t\t\t\t\t\t\t<span class=\"elementor-grid-item\" role=\"listitem\">\n\t\t\t\t\t<a class=\"elementor-icon elementor-social-icon elementor-social-icon-instagram elementor-repeater-item-4b6afa6\" href=\"https:\/\/instagram.com\/camposuruguayosok\" target=\"_blank\">\n\t\t\t\t\t\t<span class=\"elementor-screen-only\">Instagram<\/span>\n\t\t\t\t\t\t<i aria-hidden=\"true\" class=\"fab fa-instagram\"><\/i>\t\t\t\t\t<\/a>\n\t\t\t\t<\/span>\n\t\t\t\t\t\t\t<span class=\"elementor-grid-item\" role=\"listitem\">\n\t\t\t\t\t<a class=\"elementor-icon elementor-social-icon elementor-social-icon-twitter elementor-repeater-item-921a000\" href=\"https:\/\/twitter.com\/CamposUruguayos\" target=\"_blank\">\n\t\t\t\t\t\t<span class=\"elementor-screen-only\">Twitter<\/span>\n\t\t\t\t\t\t<i aria-hidden=\"true\" class=\"fab fa-twitter\"><\/i>\t\t\t\t\t<\/a>\n\t\t\t\t<\/span>\n\t\t\t\t\t<\/div>\n\t\t\t\t\t\t<\/div>\n\t\t\t\t<\/div>\n\t\t\t\t\t<\/div>\n\t\t<\/div>\n\t\t\t\t\t<\/div>\n\t\t<\/section>\n\t\t\t\t<\/div>\n\t\t","protected":false},"excerpt":{"rendered":"<p>Servicios Nuestro equipo a tu servicio&#8230; MAQUINARIA Maquinaria agr\u00edcola para siembra y cosecha. Trabajos zafrales. ADMINISTRACI\u00d3N Y an\u00e1lisis realizados por profesionales de confianza.\u00a0 CAPITALIZACI\u00d3N Capitalizaci\u00f3n a t\u00e9rmino mediante contrato (sanidad incluida) FUMIGACIONES Pulverizaciones con equipos de aplicaci\u00f3n terrestre y\/o a\u00e9reo. ASESORAMIENTO Integral, con respaldo de Ing. Agr\u00f3nomo, Veterinario, Escribano, Contador y otros.\u00a0 ALAMBRADOS Personal altamente [&hellip;]<\/p>\n","protected":false},"author":1,"featured_media":0,"parent":0,"menu_order":0,"comment_status":"closed","ping_status":"closed","template":"elementor_header_footer","meta":{"footnotes":""},"class_list":["post-165","page","type-page","status-publish","hentry"],"aioseo_notices":[],"_links":{"self":[{"href":"https:\/\/camposuruguayos.uy\/es\/wp-json\/wp\/v2\/pages\/165","targetHints":{"allow":["GET"]}}],"collection":[{"href":"https:\/\/camposuruguayos.uy\/es\/wp-json\/wp\/v2\/pages"}],"about":[{"href":"https:\/\/camposuruguayos.uy\/es\/wp-json\/wp\/v2\/types\/page"}],"author":[{"embeddable":true,"href":"https:\/\/camposuruguayos.uy\/es\/wp-json\/wp\/v2\/users\/1"}],"replies":[{"embeddable":true,"href":"https:\/\/camposuruguayos.uy\/es\/wp-json\/wp\/v2\/comments?post=165"}],"version-history":[{"count":61,"href":"https:\/\/camposuruguayos.uy\/es\/wp-json\/wp\/v2\/pages\/165\/revisions"}],"predecessor-version":[{"id":864,"href":"https:\/\/camposuruguayos.uy\/es\/wp-json\/wp\/v2\/pages\/165\/revisions\/864"}],"wp:attachment":[{"href":"https:\/\/camposuruguayos.uy\/es\/wp-json\/wp\/v2\/media?parent=165"}],"curies":[{"name":"wp","href":"https:\/\/api.w.org\/{rel}","templated":true}]}}